{"id":177,"date":"2020-01-31T18:05:13","date_gmt":"2020-01-31T18:05:13","guid":{"rendered":"http:\/\/stiftung-urmensch-mauer.de\/?page_id=177"},"modified":"2025-04-11T07:36:45","modified_gmt":"2025-04-11T07:36:45","slug":"schoetensack-preis","status":"publish","type":"page","link":"https:\/\/stiftung-urmensch-mauer.de\/?page_id=177","title":{"rendered":"Schoetensack-Preis"},"content":{"rendered":"\n<h3 class=\"wp-block-heading\"><a href=\"https:\/\/de.wikipedia.org\/wiki\/Datei:Homo_heidelbergensis_(Erstbeschreibung)_01.jpg\"><\/a><\/h3>\n\n\n<div class=\"wp-block-image\">\n<figure class=\"aligncenter is-resized\"><img loading=\"lazy\" decoding=\"async\" width=\"600\" height=\"818\" src=\"http:\/\/stiftung-urmensch-mauer.de\/wp-content\/uploads\/2020\/01\/Otto_Schoetensack_1882.jpg\" alt=\"Otto Schoetensack (1850 \u2013 1912)\nauf einem Foto von 1882\n(Quelle: Wikipedia)\" class=\"wp-image-180\" style=\"width:278px;height:378px\" srcset=\"https:\/\/stiftung-urmensch-mauer.de\/wp-content\/uploads\/2020\/01\/Otto_Schoetensack_1882.jpg 600w, https:\/\/stiftung-urmensch-mauer.de\/wp-content\/uploads\/2020\/01\/Otto_Schoetensack_1882-220x300.jpg 220w\" sizes=\"auto, (max-width: 600px) 100vw, 600px\" \/><figcaption class=\"wp-element-caption\">Otto Schoetensack (1850 \u2013 1912)<br>auf einem Foto von 1882 (Quelle: Wikipedia) <\/figcaption><\/figure>\n<\/div>\n\n\n<p>1888 zog <strong>Otto Schoetensack<\/strong> mit seiner Familie nach Heidelberg. Auf dem zweiten Bildungsweg erreichte er das Abitur und schlug danach eine Universit\u00e4tslaufbahn ein. Schoetensack besch\u00e4ftigte zunehmend die Genese h\u00f6heren Lebens und die Entwicklungsgeschichte des <em>Homo sapiens<\/em>. Seine \u00dcberlegungen f\u00fchrten ihn zu der Theorie, die Menschheit sei in Australien entstanden, die dort heute noch lebenden Aborigines seien die letzten Neandertaler. Sein bester Freund <strong>Hermann Klaatsch<\/strong> fuhr f\u00fcr ihn nach Australien und widerlegte mit seinen Forschungen dort Schoetensacks Theorie.<\/p>\n\n\n\n<p>Als Pal\u00e4ontologe richtete er sein Augenmerk auf die Sedimentgesteine in den Sandgruben der Umgebung, so auch auf die Grube Grafenrain bei Mauer. Mit seinem Freund Klaatsch besuchte Schoetensack die Sandgrube regelm\u00e4\u00dfig und sorgte daf\u00fcr, dass die Arbeiter sorgsam mit den Funden umgingen und ihm diese umgehend in Heidelberg meldeten. <\/p>\n\n\n\n<p>Die Entdeckung, die Schoetensacks wissenschaftliche Laufbahn kr\u00f6nte, trug sich im Herbst 1907 zu:<br>Am 21. Oktober wurde in der Sandgrube Grafenrain bei Mauer vom Arbeiter <strong>Daniel Hartmann<\/strong> ein fossiler menschlicher Unterkiefer in einer geologisch sehr alten Schicht geborgen. Am n\u00e4chsten Tag wurde Schoetensack unterrichtet. Er nannte das Fossil der Spezies als Reminiszenz an den Fundort <em>Homo heidelbergensis<\/em>. Zusammen mit dem Anatom Hermann Klaatsch entstand die ber\u00fchmte Monografie \u201eDer Unterkiefer des Homo Heidelbergensis aus den Sanden vom Mauer. Ein Beitrag zur Pal\u00e4ontologie des Menschen.\u201c <\/p>\n\n\n\n<p>Das Werk, mit dem Schoetensack weltweit bekannt wurde, gilt noch heute als vorbildliche Fundbeschreibung. Schoetensack lie\u00df die Fundstelle von einem Geometer auf den Zentimeter genau vermessen. Damit ist er ein Vorbild f\u00fcr fr\u00fches interdisziplin\u00e4res Forschen: Er greift erstmalig zur\u00fcck auf Erkenntnisse unter anderem von Biologen, Anatomen, Zahn\u00e4rzten, Radiologen (erstmalige Verwendung von R\u00f6ntgenbildern in einer wissenschaftlichen Arbeit), Geografen, Landvermessern.  <\/p>\n\n\n\n<p>Der Preis der Stiftung soll die Forschung um die Humanevolution unterst\u00fctzen und dient der F\u00f6rderung des wissenschaftlichen Nachwuchses. <strong>Er ist Prof. Otto Schoetensack gewidmet. <\/strong><\/p>\n\n\n\n<hr class=\"wp-block-separator has-alpha-channel-opacity is-style-wide\"\/>\n\n\n\n<h3 class=\"wp-block-heading\"><strong>Anmeldeverfahren und Preisvergabe<\/strong> <\/h3>\n\n\n\n<p><a href=\"http:\/\/stiftung-urmensch-mauer.de\/wp-content\/uploads\/2020\/01\/SchoetensackPreis.pdf\"><strong>SchoetensackPreis.pdf<\/strong><\/a><\/p>\n\n\n\n<p><a href=\"http:\/\/stiftung-urmensch-mauer.de\/wp-content\/uploads\/2025\/04\/Anmeldungeformular.pdf\" data-type=\"attachment\" data-id=\"631\"><strong>Anmeldeformular.pdf<\/strong><\/a><\/p>\n","protected":false},"excerpt":{"rendered":"<p>1888 zog Otto Schoetensack mit seiner Familie nach Heidelberg. Auf dem zweiten Bildungsweg erreichte er das Abitur und schlug danach eine Universit\u00e4tslaufbahn ein. Schoetensack besch\u00e4ftigte zunehmend die Genese h\u00f6heren Lebens und die Entwicklungsgeschichte des Homo sapiens. Seine \u00dcberlegungen f\u00fchrten ihn zu der Theorie, die Menschheit sei in Australien entstanden, die dort heute noch lebenden Aborigines &#8230; <a title=\"Schoetensack-Preis\" class=\"read-more\" href=\"https:\/\/stiftung-urmensch-mauer.de\/?page_id=177\" aria-label=\"Mehr Informationen \u00fcber Schoetensack-Preis\">Weiterlesen &#8230;<\/a><\/p>\n","protected":false},"author":1,"featured_media":0,"parent":0,"menu_order":0,"comment_status":"closed","ping_status":"closed","template":"","meta":{"footnotes":""},"class_list":["post-177","page","type-page","status-publish"],"_links":{"self":[{"href":"https:\/\/stiftung-urmensch-mauer.de\/index.php?rest_route=\/wp\/v2\/pages\/177","targetHints":{"allow":["GET"]}}],"collection":[{"href":"https:\/\/stiftung-urmensch-mauer.de\/index.php?rest_route=\/wp\/v2\/pages"}],"about":[{"href":"https:\/\/stiftung-urmensch-mauer.de\/index.php?rest_route=\/wp\/v2\/types\/page"}],"author":[{"embeddable":true,"href":"https:\/\/stiftung-urmensch-mauer.de\/index.php?rest_route=\/wp\/v2\/users\/1"}],"replies":[{"embeddable":true,"href":"https:\/\/stiftung-urmensch-mauer.de\/index.php?rest_route=%2Fwp%2Fv2%2Fcomments&post=177"}],"version-history":[{"count":13,"href":"https:\/\/stiftung-urmensch-mauer.de\/index.php?rest_route=\/wp\/v2\/pages\/177\/revisions"}],"predecessor-version":[{"id":885,"href":"https:\/\/stiftung-urmensch-mauer.de\/index.php?rest_route=\/wp\/v2\/pages\/177\/revisions\/885"}],"wp:attachment":[{"href":"https:\/\/stiftung-urmensch-mauer.de\/index.php?rest_route=%2Fwp%2Fv2%2Fmedia&parent=177"}],"curies":[{"name":"wp","href":"https:\/\/api.w.org\/{rel}","templated":true}]}}