{"id":2,"date":"2016-05-10T03:48:21","date_gmt":"2016-05-10T03:48:21","guid":{"rendered":"http:\/\/stiftung-urmensch-mauer.de\/?page_id=2"},"modified":"2021-03-09T15:50:51","modified_gmt":"2021-03-09T15:50:51","slug":"sample-page","status":"publish","type":"page","link":"https:\/\/stiftung-urmensch-mauer.de\/?page_id=2","title":{"rendered":"Stiftung"},"content":{"rendered":"<p>Seit vielen Jahren sind die Stifter, insbesondere Dietrich Wegner, beseelt von der Idee, die Gr\u00fcndung eines Museums f\u00fcr den <em><strong>Homo<\/strong><\/em> <em><strong>heidelbergensis<\/strong><\/em> zu f\u00f6rdern. Seit \u00fcber 15 Jahren besteht diese Idee und der <a href=\"http:\/\/www.homoheidelbergensis.de\/\" target=\"_blank\" rel=\"noreferrer noopener\" aria-label=\"Verein Homo heidelbergensis von Mauer e.V. (\u00f6ffnet in neuem Tab)\"><strong>Verein <em>Homo heidelbergensis<\/em> von Mauer e.V.<\/strong><\/a> hat in der Zeit seines Bestehens schon \u00dcberragendes geleistet f\u00fcr die Bekanntheit dieses herausragenden menschlichen Fossils, das im Jahr 1907 in den Sanden von Mauer gefunden wurde.<\/p>\n<p>Wir f\u00e4nden es sch\u00f6n, wenn ein so markantes, wertvolles und weltber\u00fchmtes Fossil wie der Unterkiefer von Mauer dauerhaft einer gr\u00f6\u00dferen \u00d6ffentlichkeit gezeigt werden k\u00f6nnte.<\/p>\n<p>Durch unsere Stiftung soll der Ansto\u00df f\u00fcr ein w\u00fcrdiges Museum f\u00fcr die Entwicklung der Menschheitsgeschichte gegeben werden. In der Folge m\u00f6chten die Stifter den Betrieb des Museums und sein Netzwerk in der Region f\u00f6rdern. Das Museum soll eine zus\u00e4tzliche Attraktion in der <strong><a href=\"https:\/\/www.m-r-n.com\/\" target=\"_blank\" rel=\"noreferrer noopener\" aria-label=\"Metropolregion Rhein-Neckar (\u00f6ffnet in neuem Tab)\">Metropolregion Rhein-Neckar<\/a><\/strong> werden.<\/p>\n<p>Wir w\u00fcnschen unserer Stiftung viele Gleichgesinnte und Unterst\u00fctzer, die mit der Zeit durch Zustiftungen und Kooperationen helfen ein zuk\u00fcnftiges Museum in Mauer zu realisieren.<\/p>\n","protected":false},"excerpt":{"rendered":"<p>Seit vielen Jahren sind die Stifter, insbesondere Dietrich Wegner, beseelt von der Idee, die Gr\u00fcndung eines Museums f\u00fcr den Homo heidelbergensis zu f\u00f6rdern. Seit \u00fcber 15 Jahren besteht diese Idee und der Verein Homo heidelbergensis von Mauer e.V. hat in der Zeit seines Bestehens schon \u00dcberragendes geleistet f\u00fcr die Bekanntheit dieses herausragenden menschlichen Fossils, das &#8230; <a title=\"Stiftung\" class=\"read-more\" href=\"https:\/\/stiftung-urmensch-mauer.de\/?page_id=2\" aria-label=\"Mehr Informationen \u00fcber Stiftung\">Weiterlesen &#8230;<\/a><\/p>\n","protected":false},"author":1,"featured_media":0,"parent":0,"menu_order":0,"comment_status":"closed","ping_status":"open","template":"","meta":{"footnotes":""},"class_list":["post-2","page","type-page","status-publish"],"_links":{"self":[{"href":"https:\/\/stiftung-urmensch-mauer.de\/index.php?rest_route=\/wp\/v2\/pages\/2","targetHints":{"allow":["GET"]}}],"collection":[{"href":"https:\/\/stiftung-urmensch-mauer.de\/index.php?rest_route=\/wp\/v2\/pages"}],"about":[{"href":"https:\/\/stiftung-urmensch-mauer.de\/index.php?rest_route=\/wp\/v2\/types\/page"}],"author":[{"embeddable":true,"href":"https:\/\/stiftung-urmensch-mauer.de\/index.php?rest_route=\/wp\/v2\/users\/1"}],"replies":[{"embeddable":true,"href":"https:\/\/stiftung-urmensch-mauer.de\/index.php?rest_route=%2Fwp%2Fv2%2Fcomments&post=2"}],"version-history":[{"count":5,"href":"https:\/\/stiftung-urmensch-mauer.de\/index.php?rest_route=\/wp\/v2\/pages\/2\/revisions"}],"predecessor-version":[{"id":284,"href":"https:\/\/stiftung-urmensch-mauer.de\/index.php?rest_route=\/wp\/v2\/pages\/2\/revisions\/284"}],"wp:attachment":[{"href":"https:\/\/stiftung-urmensch-mauer.de\/index.php?rest_route=%2Fwp%2Fv2%2Fmedia&parent=2"}],"curies":[{"name":"wp","href":"https:\/\/api.w.org\/{rel}","templated":true}]}}