{"id":204,"date":"2020-08-01T06:48:29","date_gmt":"2020-08-01T06:48:29","guid":{"rendered":"http:\/\/stiftung-urmensch-mauer.de\/?page_id=204"},"modified":"2021-07-24T11:49:09","modified_gmt":"2021-07-24T11:49:09","slug":"schoetensackpreis-2020","status":"publish","type":"page","link":"https:\/\/stiftung-urmensch-mauer.de\/?page_id=204","title":{"rendered":"Schoetensack-Preis 2020"},"content":{"rendered":"\n<div class=\"wp-block-image\"><figure class=\"aligncenter is-resized\"><img loading=\"lazy\" decoding=\"async\" src=\"https:\/\/stiftung-urmensch-mauer.de\/wp-content\/uploads\/2020\/08\/LeaGrabowskiPreis-969x1024.jpg\" alt=\"\" class=\"wp-image-205\" width=\"501\" height=\"529\" srcset=\"https:\/\/stiftung-urmensch-mauer.de\/wp-content\/uploads\/2020\/08\/LeaGrabowskiPreis-969x1024.jpg 969w, https:\/\/stiftung-urmensch-mauer.de\/wp-content\/uploads\/2020\/08\/LeaGrabowskiPreis-284x300.jpg 284w, https:\/\/stiftung-urmensch-mauer.de\/wp-content\/uploads\/2020\/08\/LeaGrabowskiPreis-768x812.jpg 768w, https:\/\/stiftung-urmensch-mauer.de\/wp-content\/uploads\/2020\/08\/LeaGrabowskiPreis.jpg 1022w\" sizes=\"auto, (max-width: 501px) 100vw, 501px\" \/><figcaption>vl.: Lea Grabowski, Cornelia Sussieck, Lehrerin Hanna Steck<\/figcaption><\/figure><\/div>\n\n\n\n<p>Der Schoetensack-Preis wurde im Jahr 2020 zum ersten Mal verliehen\nan Abiturientinnen und Abiturienten im Rhein-Neckar-Kreis. Die\nBiologie-Lehrkr\u00e4fte von sieben Gymnasien haben ihre besten Sch\u00fclerinnen und\nSch\u00fcler nominiert. Der neue Preis wurde von den Beteiligten sehr gerne\nentgegengenommen. Darunter ist zum Beispiel eine erfolgreiche Teilnehmerin beim\nWettbewerb \u201eJugend forscht\u201c, eine Abiturientin m\u00f6chte Humangenetik studieren.\nCoronabedingt haben wir leider nur zwei festliche Abiturfeiern pers\u00f6nlich\nbesuchen k\u00f6nnen. Wir bewundern die jungen Menschen, die jetzt ihren\neigenst\u00e4ndigen Lebensweg beginnen f\u00fcr ihre Leistungen w\u00e4hrend ihrer Schulzeit\nund w\u00fcnschen ihnen ganz viel Erfolg und Freude.<\/p>\n\n\n\n<p><strong>Die Preistr\u00e4ger sind: <\/strong><\/p>\n\n\n\n<ul class=\"wp-block-list\"><li>Enrique Gonzalez S\u00e1ez-Diez, Gymnasium, Walldorf <\/li><li>Lea Grabowski, Max-Born-Gymnasium, Neckargem\u00fcnd <\/li><li>Lisa Gr\u00fcnwaldt, Kurf\u00fcrst-Friedrich-Gymnasium, Heidelberg<\/li><li>Owen Mao, Bunsen-Gymnasium, Heidelberg <\/li><li>Samuel Sch\u00f6ppler, Friedrich-Ebert-Gymnasium, Sandhausen <\/li><li>Emilia Thiel, Wilhelmi-Gymnasium, Sinsheim <\/li><li>Gina-Mari Wanke, Adolf-Schmitthenner-Gymnasium, Neckarbischofsheim <\/li><\/ul>\n\n\n\n<p><strong>Wir bedanken uns herzlich bei unseren Unterst\u00fctzern:<\/strong><\/p>\n\n\n\n<ul class=\"wp-block-list\"><li><a rel=\"noreferrer noopener\" href=\"https:\/\/www.museumspass.com\/de\" target=\"_blank\">MUSEUMS-PASS-MUS\u00c9E, Basel<\/a><\/li><li><a rel=\"noreferrer noopener\" href=\"https:\/\/www.westermann.de\/\" target=\"_blank\">Schulbuchverlag Westermann, Braunschweig<\/a><\/li><li><a rel=\"noreferrer noopener\" href=\"http:\/\/www.homoheidelbergensis.de\/\" target=\"_blank\">Verein <em>Homo heidelbergensis<\/em> vo<\/a><a href=\"http:\/\/www.homoheidelbergensis.de\/\" target=\"_blank\" rel=\"noreferrer noopener\">n<\/a><a rel=\"noreferrer noopener\" href=\"http:\/\/www.homoheidelbergensis.de\/\" target=\"_blank\"> Mauer e.V.<\/a><\/li><\/ul>\n\n\n\n<p><br><\/p>\n","protected":false},"excerpt":{"rendered":"<p>Der Schoetensack-Preis wurde im Jahr 2020 zum ersten Mal verliehen an Abiturientinnen und Abiturienten im Rhein-Neckar-Kreis. Die Biologie-Lehrkr\u00e4fte von sieben Gymnasien haben ihre besten Sch\u00fclerinnen und Sch\u00fcler nominiert. Der neue Preis wurde von den Beteiligten sehr gerne entgegengenommen. Darunter ist zum Beispiel eine erfolgreiche Teilnehmerin beim Wettbewerb \u201eJugend forscht\u201c, eine Abiturientin m\u00f6chte Humangenetik studieren. Coronabedingt &#8230; <a title=\"Schoetensack-Preis 2020\" class=\"read-more\" href=\"https:\/\/stiftung-urmensch-mauer.de\/?page_id=204\" aria-label=\"Mehr Informationen \u00fcber Schoetensack-Preis 2020\">Weiterlesen &#8230;<\/a><\/p>\n","protected":false},"author":1,"featured_media":0,"parent":177,"menu_order":0,"comment_status":"closed","ping_status":"closed","template":"","meta":{"footnotes":""},"class_list":["post-204","page","type-page","status-publish"],"_links":{"self":[{"href":"https:\/\/stiftung-urmensch-mauer.de\/index.php?rest_route=\/wp\/v2\/pages\/204","targetHints":{"allow":["GET"]}}],"collection":[{"href":"https:\/\/stiftung-urmensch-mauer.de\/index.php?rest_route=\/wp\/v2\/pages"}],"about":[{"href":"https:\/\/stiftung-urmensch-mauer.de\/index.php?rest_route=\/wp\/v2\/types\/page"}],"author":[{"embeddable":true,"href":"https:\/\/stiftung-urmensch-mauer.de\/index.php?rest_route=\/wp\/v2\/users\/1"}],"replies":[{"embeddable":true,"href":"https:\/\/stiftung-urmensch-mauer.de\/index.php?rest_route=%2Fwp%2Fv2%2Fcomments&post=204"}],"version-history":[{"count":16,"href":"https:\/\/stiftung-urmensch-mauer.de\/index.php?rest_route=\/wp\/v2\/pages\/204\/revisions"}],"predecessor-version":[{"id":351,"href":"https:\/\/stiftung-urmensch-mauer.de\/index.php?rest_route=\/wp\/v2\/pages\/204\/revisions\/351"}],"up":[{"embeddable":true,"href":"https:\/\/stiftung-urmensch-mauer.de\/index.php?rest_route=\/wp\/v2\/pages\/177"}],"wp:attachment":[{"href":"https:\/\/stiftung-urmensch-mauer.de\/index.php?rest_route=%2Fwp%2Fv2%2Fmedia&parent=204"}],"curies":[{"name":"wp","href":"https:\/\/api.w.org\/{rel}","templated":true}]}}