{"id":24,"date":"2019-02-13T07:10:29","date_gmt":"2019-02-13T07:10:29","guid":{"rendered":"http:\/\/stiftung-urmensch-mauer.de\/?page_id=24"},"modified":"2020-07-15T15:49:20","modified_gmt":"2020-07-15T15:49:20","slug":"impressum","status":"publish","type":"page","link":"https:\/\/stiftung-urmensch-mauer.de\/?page_id=24","title":{"rendered":"Impressum"},"content":{"rendered":"\n<h2 class=\"wp-block-heading\"><strong>Stiftung Urmensch von Mauer<\/strong> <\/h2>\n\n\n\n<p>Die Stiftung Urmensch von Mauer ist eine unselbstst\u00e4ndige Stiftung in der treuh\u00e4nderischen Verwaltung der <a href=\"https:\/\/www.stiften.de\/\" target=\"_blank\" rel=\"noreferrer noopener\" aria-label=\"DGS Deutsche Gesellschaft f\u00fcr Stiftungsf\u00f6rderung mbH (\u00f6ffnet in neuem Tab)\">DGS Deutsche Gesellschaft f\u00fcr Stiftungsf\u00f6rderung mbH<\/a>, Hauptstra\u00dfe 18, 74918 Angelbachtal, und wird von dieser im Rechtsverkehr vertreten.<\/p>\n\n\n\n<p><strong>Angaben gem\u00e4\u00df \u00a7 5 TMG<\/strong><\/p>\n\n\n\n<p>Dr. Cornelia Sussieck<br>Ziegelgasse 9<br>74924 Neckarbischofsheim<\/p>\n\n\n\n<p><strong>Kontakt:<\/strong> <br>Telefon: 07263 9198564<br>E-Mail: cornelia at sussieck punkt org<br><\/p>\n\n\n\n<p><strong>Steuernummer: <\/strong><br>Finanzamt Sinsheim <br>44083\/0322<\/p>\n\n\n\n<p><strong>Verantwortlich f\u00fcr den Inhalt nach \u00a7 55 Abs. 2 RStV:<\/strong><br>Dr. Cornelia Sussieck<br>Ziegelgasse 9<br>74924 Neckarbischofsheim<br><\/p>\n\n\n\n<p><strong>Haftungsausschluss: <\/strong><br><br><strong>Haftung f\u00fcr Inhalte<\/strong><br><br>Die\n Inhalte unserer Seiten wurden mit gr\u00f6\u00dfter Sorgfalt erstellt. F\u00fcr die  \nRichtigkeit, Vollst\u00e4ndigkeit und Aktualit\u00e4t der Inhalte k\u00f6nnen wir  \njedoch keine Gew\u00e4hr \u00fcbernehmen. Als Diensteanbieter sind wir gem\u00e4\u00df \u00a7 7  \nAbs.1 TMG f\u00fcr eigene Inhalte auf diesen Seiten nach den allgemeinen  \nGesetzen verantwortlich. Nach \u00a7\u00a7 8 bis 10 TMG sind wir als  \nDiensteanbieter jedoch nicht verpflichtet, \u00fcbermittelte oder  \ngespeicherte fremde Informationen zu \u00fcberwachen oder nach Umst\u00e4nden zu  \nforschen, die auf eine rechtswidrige T\u00e4tigkeit hinweisen.  \nVerpflichtungen zur Entfernung oder Sperrung der Nutzung von  \nInformationen nach den allgemeinen Gesetzen bleiben hiervon unber\u00fchrt.  \nEine diesbez\u00fcgliche Haftung ist jedoch erst ab dem Zeitpunkt der  \nKenntnis einer konkreten Rechtsverletzung m\u00f6glich. Bei Bekanntwerden von\n  entsprechenden Rechtsverletzungen werden wir diese Inhalte umgehend  \nentfernen.<br><br><strong>Haftung f\u00fcr Links<\/strong><br><br>Unser \nAngebot enth\u00e4lt Links zu externen Webseiten Dritter, auf deren  Inhalte \nwir keinen Einfluss haben. Deshalb k\u00f6nnen wir f\u00fcr diese fremden  Inhalte\n auch keine Gew\u00e4hr \u00fcbernehmen. F\u00fcr die Inhalte der verlinkten  Seiten \nist stets der jeweilige Anbieter oder Betreiber der Seiten  \nverantwortlich. Die verlinkten Seiten wurden zum Zeitpunkt der  \nVerlinkung auf m\u00f6gliche Rechtsverst\u00f6\u00dfe \u00fcberpr\u00fcft. Rechtswidrige Inhalte \n waren zum Zeitpunkt der Verlinkung nicht erkennbar. Eine permanente  \ninhaltliche Kontrolle der verlinkten Seiten ist jedoch ohne konkrete  \nAnhaltspunkte einer Rechtsverletzung nicht zumutbar. Bei Bekanntwerden  \nvon Rechtsverletzungen werden wir derartige Links umgehend entfernen.<br><br><strong>Urheberrecht<\/strong><br><br>Die\n durch die Seitenbetreiber erstellten Inhalte und Werke auf diesen  \nSeiten unterliegen dem deutschen Urheberrecht. Die Vervielf\u00e4ltigung,  \nBearbeitung, Verbreitung und jede Art der Verwertung au\u00dferhalb der  \nGrenzen des Urheberrechtes bed\u00fcrfen der schriftlichen Zustimmung des  \njeweiligen Autors bzw. Erstellers. Downloads und Kopien dieser Seite  \nsind nur f\u00fcr den privaten, nicht kommerziellen Gebrauch gestattet.  \nSoweit die Inhalte auf dieser Seite nicht vom Betreiber erstellt wurden,\n  werden die Urheberrechte Dritter beachtet. Insbesondere werden Inhalte\n Dritter als solche gekennzeichnet. Sollten Sie trotzdem auf eine  \nUrheberrechtsverletzung aufmerksam werden, bitten wir um einen  \nentsprechenden Hinweis. Bei Bekanntwerden von Rechtsverletzungen werden \n wir derartige Inhalte umgehend entfernen.<br><br><strong>Datenschutz<\/strong><br><br>Die\n Nutzung unserer Webseite ist in der Regel ohne Angabe  \npersonenbezogener Daten m\u00f6glich. Soweit auf unseren Seiten  \npersonenbezogene Daten (beispielsweise Name, Anschrift oder  \neMail-Adressen) erhoben werden, erfolgt dies, soweit m\u00f6glich, stets auf \n freiwilliger Basis. Diese Daten werden ohne Ihre ausdr\u00fcckliche  \nZustimmung nicht an Dritte weitergegeben. <br>Wir weisen darauf hin, \ndass die Daten\u00fcbertragung im Internet (z.B. bei  der Kommunikation per \nE-Mail) Sicherheitsl\u00fccken aufweisen kann. Ein  l\u00fcckenloser Schutz der \nDaten vor dem Zugriff durch Dritte ist nicht  m\u00f6glich. <br>Der Nutzung \nvon im Rahmen der Impressumspflicht ver\u00f6ffentlichten  Kontaktdaten durch\n Dritte zur \u00dcbersendung von nicht ausdr\u00fccklich  angeforderter Werbung \nund Informationsmaterialien wird hiermit  ausdr\u00fccklich widersprochen. \nDie Betreiber der Seiten behalten sich  ausdr\u00fccklich rechtliche Schritte\n im Falle der unverlangten Zusendung von  Werbeinformationen, etwa durch\n Spam-Mails, vor.<br> <br>  Impressum vom <a href=\"https:\/\/www.impressum-generator.de\/\">Impressum Generator<\/a> der <a href=\"https:\/\/www.kanzlei-hasselbach.de\/standorte\/bonn\/\">Kanzlei Hasselbach, Bonn<\/a><\/p>\n","protected":false},"excerpt":{"rendered":"<p>Stiftung Urmensch von Mauer Die Stiftung Urmensch von Mauer ist eine unselbstst\u00e4ndige Stiftung in der treuh\u00e4nderischen Verwaltung der DGS Deutsche Gesellschaft f\u00fcr Stiftungsf\u00f6rderung mbH, Hauptstra\u00dfe 18, 74918 Angelbachtal, und wird von dieser im Rechtsverkehr vertreten. Angaben gem\u00e4\u00df \u00a7 5 TMG Dr. Cornelia SussieckZiegelgasse 974924 Neckarbischofsheim Kontakt: Telefon: 07263 9198564E-Mail: cornelia at sussieck punkt org Steuernummer: &#8230; <a title=\"Impressum\" class=\"read-more\" href=\"https:\/\/stiftung-urmensch-mauer.de\/?page_id=24\" aria-label=\"Mehr Informationen \u00fcber Impressum\">Weiterlesen &#8230;<\/a><\/p>\n","protected":false},"author":1,"featured_media":0,"parent":0,"menu_order":0,"comment_status":"closed","ping_status":"closed","template":"","meta":{"footnotes":""},"class_list":["post-24","page","type-page","status-publish"],"_links":{"self":[{"href":"https:\/\/stiftung-urmensch-mauer.de\/index.php?rest_route=\/wp\/v2\/pages\/24","targetHints":{"allow":["GET"]}}],"collection":[{"href":"https:\/\/stiftung-urmensch-mauer.de\/index.php?rest_route=\/wp\/v2\/pages"}],"about":[{"href":"https:\/\/stiftung-urmensch-mauer.de\/index.php?rest_route=\/wp\/v2\/types\/page"}],"author":[{"embeddable":true,"href":"https:\/\/stiftung-urmensch-mauer.de\/index.php?rest_route=\/wp\/v2\/users\/1"}],"replies":[{"embeddable":true,"href":"https:\/\/stiftung-urmensch-mauer.de\/index.php?rest_route=%2Fwp%2Fv2%2Fcomments&post=24"}],"version-history":[{"count":2,"href":"https:\/\/stiftung-urmensch-mauer.de\/index.php?rest_route=\/wp\/v2\/pages\/24\/revisions"}],"predecessor-version":[{"id":199,"href":"https:\/\/stiftung-urmensch-mauer.de\/index.php?rest_route=\/wp\/v2\/pages\/24\/revisions\/199"}],"wp:attachment":[{"href":"https:\/\/stiftung-urmensch-mauer.de\/index.php?rest_route=%2Fwp%2Fv2%2Fmedia&parent=24"}],"curies":[{"name":"wp","href":"https:\/\/api.w.org\/{rel}","templated":true}]}}