{"id":26,"date":"2019-02-13T07:11:42","date_gmt":"2019-02-13T07:11:42","guid":{"rendered":"http:\/\/stiftung-urmensch-mauer.de\/?page_id=26"},"modified":"2019-02-13T07:24:06","modified_gmt":"2019-02-13T07:24:06","slug":"datenschutzerklaerung","status":"publish","type":"page","link":"https:\/\/stiftung-urmensch-mauer.de\/?page_id=26","title":{"rendered":"Datenschutzerkl\u00e4rung"},"content":{"rendered":"\n<p>Verantwortliche Stelle im Sinne der Datenschutzgesetze, insbesondere der EU-Datenschutzgrundverordnung (DSGVO), ist:<\/p>\n\n\n\n<p><strong>Stiftung Urmensch von Mauer<\/strong><\/p>\n\n\n\n<h2 class=\"wp-block-heading\">Ihre Betroffenenrechte<\/h2>\n\n\n\n<p>Unter den angegebenen Kontaktdaten unseres Datenschutzbeauftragten k\u00f6nnen Sie jederzeit folgende Rechte aus\u00fcben:<\/p>\n\n\n\n<ul class=\"wp-block-list\"><li>Auskunft \u00fcber Ihre bei uns gespeicherten Daten und deren Verarbeitung (Art. 15 DSGVO),<\/li><li>Berichtigung unrichtiger personenbezogener Daten (Art. 16 DSGVO),<\/li><li>L\u00f6schung Ihrer bei uns gespeicherten Daten (Art. 17 DSGVO),<\/li><li>Einschr\u00e4nkung der Datenverarbeitung, sofern wir Ihre Daten aufgrund \ngesetzlicher Pflichten noch nicht l\u00f6schen d\u00fcrfen (Art. 18 DSGVO),<\/li><li>Widerspruch gegen die Verarbeitung Ihrer Daten bei uns (Art. 21 DSGVO) und<\/li><li>Daten\u00fcbertragbarkeit, sofern Sie in die Datenverarbeitung \neingewilligt haben oder einen Vertrag mit uns abgeschlossen haben (Art. \n20 DSGVO).<\/li><\/ul>\n\n\n\n<p>Sofern Sie uns eine Einwilligung erteilt haben, k\u00f6nnen Sie diese jederzeit mit Wirkung f\u00fcr die Zukunft widerrufen.<\/p>\n\n\n\n<p>Sie k\u00f6nnen sich jederzeit mit einer Beschwerde an eine \nAufsichtsbeh\u00f6rde wenden, z. B. an die zust\u00e4ndige Aufsichtsbeh\u00f6rde des \nBundeslands Ihres Wohnsitzes oder an die f\u00fcr uns als verantwortliche \nStelle zust\u00e4ndige Beh\u00f6rde.<\/p>\n\n\n\n<p>Eine Liste der Aufsichtsbeh\u00f6rden (f\u00fcr den nicht\u00f6ffentlichen Bereich) mit Anschrift finden Sie unter: <a href=\"https:\/\/www.bfdi.bund.de\/DE\/Infothek\/Anschriften_Links\/anschriften_links-node.html\" target=\"_blank\" rel=\"noreferrer noopener\">https:\/\/www.bfdi.bund.de\/DE\/Infothek\/Anschriften_Links\/anschriften_links-node.html<\/a>.<\/p>\n\n\n\n<h2 class=\"wp-block-heading\">Erfassung allgemeiner Informationen beim Besuch unserer Website<\/h2>\n\n\n\n<h3 class=\"wp-block-heading\">Art und Zweck der Verarbeitung:<\/h3>\n\n\n\n<p>Wenn Sie auf unsere Website zugreifen, d.h., wenn Sie sich nicht \nregistrieren oder anderweitig Informationen \u00fcbermitteln, werden \nautomatisch Informationen allgemeiner Natur erfasst. Diese Informationen\n (Server-Logfiles) beinhalten etwa die Art des Webbrowsers, das \nverwendete Betriebssystem, den Domainnamen Ihres \nInternet-Service-Providers, Ihre IP-Adresse und \u00e4hnliches. <\/p>\n\n\n\n<p>Sie werden insbesondere zu folgenden Zwecken verarbeitet:<\/p>\n\n\n\n<ul class=\"wp-block-list\"><li>Sicherstellung eines problemlosen Verbindungsaufbaus der Website,<\/li><li>Sicherstellung einer reibungslosen Nutzung unserer Website,<\/li><li>Auswertung der Systemsicherheit und -stabilit\u00e4t sowie<\/li><li>zu weiteren administrativen Zwecken.<\/li><\/ul>\n\n\n\n<p>Wir verwenden Ihre Daten nicht, um R\u00fcckschl\u00fcsse auf Ihre Person zu \nziehen. Informationen dieser Art werden von uns ggfs. statistisch \nausgewertet, um unseren Internetauftritt und die dahinterstehende \nTechnik zu optimieren.<\/p>\n\n\n\n<h3 class=\"wp-block-heading\">Rechtsgrundlage:<\/h3>\n\n\n\n<p>Die Verarbeitung erfolgt gem\u00e4\u00df Art. 6 Abs. 1 lit. f DSGVO auf Basis \nunseres berechtigten Interesses an der Verbesserung der Stabilit\u00e4t und \nFunktionalit\u00e4t unserer Website.<\/p>\n\n\n\n<h3 class=\"wp-block-heading\">Empf\u00e4nger:<\/h3>\n\n\n\n<p>Empf\u00e4nger der Daten sind ggf. technische Dienstleister, die f\u00fcr den \nBetrieb und die Wartung unserer Webseite als Auftragsverarbeiter t\u00e4tig \nwerden.<\/p>\n\n\n\n<h3 class=\"wp-block-heading\">Speicherdauer:<\/h3>\n\n\n\n<p>Die Daten werden gel\u00f6scht, sobald diese f\u00fcr den Zweck der Erhebung \nnicht mehr erforderlich sind. Dies ist f\u00fcr die Daten, die der \nBereitstellung der Webseite dienen, grunds\u00e4tzlich der Fall, wenn die \njeweilige Sitzung beendet ist.<\/p>\n\n\n\n<h3 class=\"wp-block-heading\">Bereitstellung vorgeschrieben oder erforderlich:<\/h3>\n\n\n\n<p>Die Bereitstellung der vorgenannten personenbezogenen Daten ist weder\n gesetzlich noch vertraglich vorgeschrieben. Ohne die IP-Adresse ist \njedoch der Dienst und die Funktionsf\u00e4higkeit unserer Website nicht \ngew\u00e4hrleistet. Zudem k\u00f6nnen einzelne Dienste und Services nicht \nverf\u00fcgbar oder eingeschr\u00e4nkt sein. Aus diesem Grund ist ein Widerspruch \nausgeschlossen. <\/p>\n\n\n\n<h2 class=\"wp-block-heading\">Kontaktformular<\/h2>\n\n\n\n<h3 class=\"wp-block-heading\">Art und Zweck der Verarbeitung:<\/h3>\n\n\n\n<p>Die von Ihnen eingegebenen Daten werden zum Zweck der individuellen \nKommunikation mit Ihnen gespeichert. Hierf\u00fcr ist die Angabe einer \nvaliden E-Mail-Adresse sowie Ihres Namens erforderlich. Diese dient der \nZuordnung der Anfrage und der anschlie\u00dfenden Beantwortung derselben. Die\n Angabe weiterer Daten ist optional.<\/p>\n\n\n\n<h3 class=\"wp-block-heading\">Rechtsgrundlage:<\/h3>\n\n\n\n<p>Die Verarbeitung der in das Kontaktformular eingegebenen Daten \nerfolgt auf der Grundlage eines berechtigten Interesses (Art. 6 Abs. 1 \nlit. f DSGVO).<\/p>\n\n\n\n<p>Durch Bereitstellung des Kontaktformulars m\u00f6chten wir Ihnen eine \nunkomplizierte Kontaktaufnahme erm\u00f6glichen. Ihre gemachten Angaben \nwerden zum Zwecke der Bearbeitung der Anfrage sowie f\u00fcr m\u00f6gliche \nAnschlussfragen gespeichert.<\/p>\n\n\n\n<p>Sofern Sie mit uns Kontakt aufnehmen, um ein Angebot zu erfragen, \nerfolgt die Verarbeitung der in das Kontaktformular eingegebenen Daten \nzur Durchf\u00fchrung vorvertraglicher Ma\u00dfnahmen (Art. 6 Abs. 1 lit. b \nDSGVO).<\/p>\n\n\n\n<h3 class=\"wp-block-heading\">Empf\u00e4nger:<\/h3>\n\n\n\n<p>Empf\u00e4nger der Daten sind ggf. Auftragsverarbeiter.<\/p>\n\n\n\n<h3 class=\"wp-block-heading\">Speicherdauer:<\/h3>\n\n\n\n<p>Daten werden sp\u00e4testens 6 Monate nach Bearbeitung der Anfrage gel\u00f6scht.<\/p>\n\n\n\n<p>Sofern es zu einem Vertragsverh\u00e4ltnis kommt, unterliegen wir den \ngesetzlichen Aufbewahrungsfristen nach HGB und l\u00f6schen Ihre Daten nach \nAblauf dieser Fristen. <\/p>\n\n\n\n<h3 class=\"wp-block-heading\">Bereitstellung vorgeschrieben oder erforderlich:<\/h3>\n\n\n\n<p>Die Bereitstellung Ihrer personenbezogenen Daten erfolgt freiwillig. \nWir k\u00f6nnen Ihre Anfrage jedoch nur bearbeiten, sofern Sie uns Ihren \nNamen, Ihre E-Mail-Adresse und den Grund der Anfrage mitteilen.<\/p>\n\n\n\n<h2 class=\"wp-block-heading\">SSL-Verschl\u00fcsselung<\/h2>\n\n\n\n<p>Um die Sicherheit Ihrer Daten bei der \u00dcbertragung zu sch\u00fctzen, \nverwenden wir dem aktuellen Stand der Technik entsprechende \nVerschl\u00fcsselungsverfahren (z. B. SSL) \u00fcber HTTPS.<\/p>\n\n\n\n<h2 class=\"wp-block-heading\">\u00c4nderung unserer Datenschutzbestimmungen<\/h2>\n\n\n\n<p>Wir behalten uns vor, diese Datenschutzerkl\u00e4rung anzupassen, damit \nsie stets den aktuellen rechtlichen Anforderungen entspricht oder um \n\u00c4nderungen unserer Leistungen in der Datenschutzerkl\u00e4rung umzusetzen, \nz.B. bei der Einf\u00fchrung neuer Services. F\u00fcr Ihren erneuten Besuch gilt \ndann die neue Datenschutzerkl\u00e4rung.<\/p>\n\n\n\n<h2 class=\"wp-block-heading\">Fragen an den Datenschutzbeauftragten<\/h2>\n\n\n\n<p>Wenn Sie Fragen zum Datenschutz haben, schreiben Sie uns bitte eine \nE-Mail oder wenden Sie sich direkt an die f\u00fcr den Datenschutz \nverantwortliche Person in unserer Organisation:<\/p>\n\n\n\n<p><em>Die Datenschutzerkl\u00e4rung wurde mit dem <\/em><em><a href=\"https:\/\/www.activemind.de\/datenschutz\/datenschutzhinweis-generator\/\" target=\"_blank\" rel=\"noreferrer noopener\">Datenschutzerkl\u00e4rungs-Generator der activeMind AG erstellt<\/a> (Version 2018-09-24).<\/em><\/p>\n","protected":false},"excerpt":{"rendered":"<p>Verantwortliche Stelle im Sinne der Datenschutzgesetze, insbesondere der EU-Datenschutzgrundverordnung (DSGVO), ist: Stiftung Urmensch von Mauer Ihre Betroffenenrechte Unter den angegebenen Kontaktdaten unseres Datenschutzbeauftragten k\u00f6nnen Sie jederzeit folgende Rechte aus\u00fcben: Auskunft \u00fcber Ihre bei uns gespeicherten Daten und deren Verarbeitung (Art. 15 DSGVO), Berichtigung unrichtiger personenbezogener Daten (Art. 16 DSGVO), L\u00f6schung Ihrer bei uns gespeicherten Daten &#8230; <a title=\"Datenschutzerkl\u00e4rung\" class=\"read-more\" href=\"https:\/\/stiftung-urmensch-mauer.de\/?page_id=26\" aria-label=\"Mehr Informationen \u00fcber Datenschutzerkl\u00e4rung\">Weiterlesen &#8230;<\/a><\/p>\n","protected":false},"author":1,"featured_media":0,"parent":0,"menu_order":0,"comment_status":"closed","ping_status":"closed","template":"","meta":{"footnotes":""},"class_list":["post-26","page","type-page","status-publish"],"_links":{"self":[{"href":"https:\/\/stiftung-urmensch-mauer.de\/index.php?rest_route=\/wp\/v2\/pages\/26","targetHints":{"allow":["GET"]}}],"collection":[{"href":"https:\/\/stiftung-urmensch-mauer.de\/index.php?rest_route=\/wp\/v2\/pages"}],"about":[{"href":"https:\/\/stiftung-urmensch-mauer.de\/index.php?rest_route=\/wp\/v2\/types\/page"}],"author":[{"embeddable":true,"href":"https:\/\/stiftung-urmensch-mauer.de\/index.php?rest_route=\/wp\/v2\/users\/1"}],"replies":[{"embeddable":true,"href":"https:\/\/stiftung-urmensch-mauer.de\/index.php?rest_route=%2Fwp%2Fv2%2Fcomments&post=26"}],"version-history":[{"count":1,"href":"https:\/\/stiftung-urmensch-mauer.de\/index.php?rest_route=\/wp\/v2\/pages\/26\/revisions"}],"predecessor-version":[{"id":27,"href":"https:\/\/stiftung-urmensch-mauer.de\/index.php?rest_route=\/wp\/v2\/pages\/26\/revisions\/27"}],"wp:attachment":[{"href":"https:\/\/stiftung-urmensch-mauer.de\/index.php?rest_route=%2Fwp%2Fv2%2Fmedia&parent=26"}],"curies":[{"name":"wp","href":"https:\/\/api.w.org\/{rel}","templated":true}]}}