{"id":305,"date":"2021-04-09T20:26:53","date_gmt":"2021-04-09T20:26:53","guid":{"rendered":"https:\/\/stiftung-urmensch-mauer.de\/?page_id=305"},"modified":"2023-03-23T21:22:54","modified_gmt":"2023-03-23T21:22:54","slug":"digitales-urmenschmuseum-mauer","status":"publish","type":"page","link":"https:\/\/stiftung-urmensch-mauer.de\/?page_id=305","title":{"rendered":"Digitales Urmenschmuseum Mauer"},"content":{"rendered":"\n<p>Unser digitales Museum m\u00f6chte die wichtigsten Fundst\u00fccke, Dokumente und Archivst\u00fccke aus und um die Maurer Sande zusammenfassen und pr\u00e4sentieren. Dabei greifen wir auf den Katalog zur &#8222;<strong>Mauer Sammlung<\/strong>&#8220; zur\u00fcck, der durch das Projekt &#8222;<strong>Bestandsaufnahme und Dokumentation der Fossilien aus den Mauerer Sanden<\/strong>&#8220; von 2004 bis 2006 erarbeitet werden konnte und ma\u00dfgeblich durch den <strong><a href=\"http:\/\/www.homoheidelbergensis.de\/\" target=\"_blank\" rel=\"noreferrer noopener\">Verein <em>Homo heidelbergensis<\/em> von Mauer e.V.<\/a> <\/strong>(<strong>VHHM<\/strong>) initiert wurde. Nach der Entscheidung der Klaus Tschira Stiftung, gemeinn\u00fctzige GmbH, das Projekt finanziell zu f\u00f6rdern, wurde es als Kooperation zwischen dem VHHM und dem Staatlichen Museum f\u00fcr Naturkunde Karlsruhe (<strong>SMNK<\/strong>) etabliert.<\/p>\n\n\n\n<p>Der Katalog zur &#8222;<strong>Mauer Sammlung<\/strong>&#8220; wird auch als Datenbank &#8218;Fossilien Daten Sammlung Mauer\u2019 (FDSM) weitergef\u00fchrt. Im M\u00e4rz 2015 umfasste die Sammlung <strong>5.769<\/strong> Datens\u00e4tze, die <strong>13.004<\/strong> Fossilien repr\u00e4sentieren. <\/p>\n\n\n\n<p>Die Pr\u00e4sentation der Sammlung im <strong><a href=\"https:\/\/www.museum-digital.de\/\" target=\"_blank\" rel=\"noreferrer noopener\">museum-digital<\/a><\/strong> wird nach und nach, Schritt f\u00fcr Schritt aufgebaut.<\/p>\n\n\n\n<h2 class=\"has-text-align-center wp-block-heading\">Unser Digitales Urmenschmuseum finden Sie hier: <br><a href=\"https:\/\/bawue.museum-digital.de\/index.php?t=institution&amp;instnr=144\" target=\"_blank\" rel=\"noreferrer noopener\"><strong>Digitales Urmenschmuseum Mauer<\/strong><\/a><\/h2>\n","protected":false},"excerpt":{"rendered":"<p>Unser digitales Museum m\u00f6chte die wichtigsten Fundst\u00fccke, Dokumente und Archivst\u00fccke aus und um die Maurer Sande zusammenfassen und pr\u00e4sentieren. Dabei greifen wir auf den Katalog zur &#8222;Mauer Sammlung&#8220; zur\u00fcck, der durch das Projekt &#8222;Bestandsaufnahme und Dokumentation der Fossilien aus den Mauerer Sanden&#8220; von 2004 bis 2006 erarbeitet werden konnte und ma\u00dfgeblich durch den Verein Homo &#8230; <a title=\"Digitales Urmenschmuseum Mauer\" class=\"read-more\" href=\"https:\/\/stiftung-urmensch-mauer.de\/?page_id=305\" aria-label=\"Mehr Informationen \u00fcber Digitales Urmenschmuseum Mauer\">Weiterlesen &#8230;<\/a><\/p>\n","protected":false},"author":1,"featured_media":0,"parent":0,"menu_order":0,"comment_status":"closed","ping_status":"closed","template":"","meta":{"footnotes":""},"class_list":["post-305","page","type-page","status-publish"],"_links":{"self":[{"href":"https:\/\/stiftung-urmensch-mauer.de\/index.php?rest_route=\/wp\/v2\/pages\/305","targetHints":{"allow":["GET"]}}],"collection":[{"href":"https:\/\/stiftung-urmensch-mauer.de\/index.php?rest_route=\/wp\/v2\/pages"}],"about":[{"href":"https:\/\/stiftung-urmensch-mauer.de\/index.php?rest_route=\/wp\/v2\/types\/page"}],"author":[{"embeddable":true,"href":"https:\/\/stiftung-urmensch-mauer.de\/index.php?rest_route=\/wp\/v2\/users\/1"}],"replies":[{"embeddable":true,"href":"https:\/\/stiftung-urmensch-mauer.de\/index.php?rest_route=%2Fwp%2Fv2%2Fcomments&post=305"}],"version-history":[{"count":5,"href":"https:\/\/stiftung-urmensch-mauer.de\/index.php?rest_route=\/wp\/v2\/pages\/305\/revisions"}],"predecessor-version":[{"id":607,"href":"https:\/\/stiftung-urmensch-mauer.de\/index.php?rest_route=\/wp\/v2\/pages\/305\/revisions\/607"}],"wp:attachment":[{"href":"https:\/\/stiftung-urmensch-mauer.de\/index.php?rest_route=%2Fwp%2Fv2%2Fmedia&parent=305"}],"curies":[{"name":"wp","href":"https:\/\/api.w.org\/{rel}","templated":true}]}}