{"id":341,"date":"2021-07-24T11:41:09","date_gmt":"2021-07-24T11:41:09","guid":{"rendered":"https:\/\/stiftung-urmensch-mauer.de\/?page_id=341"},"modified":"2021-07-24T11:49:57","modified_gmt":"2021-07-24T11:49:57","slug":"schoetensack-preis-2021","status":"publish","type":"page","link":"https:\/\/stiftung-urmensch-mauer.de\/?page_id=341","title":{"rendered":"Schoetensack-Preis 2021"},"content":{"rendered":"\n<div class=\"wp-block-image\"><figure class=\"aligncenter size-large is-resized\"><img loading=\"lazy\" decoding=\"async\" src=\"http:\/\/stiftung-urmensch-mauer.de\/wp-content\/uploads\/2021\/07\/Preisuebergabe_2021-1-1024x651.jpg\" alt=\"\" class=\"wp-image-346\" width=\"603\" height=\"383\" srcset=\"https:\/\/stiftung-urmensch-mauer.de\/wp-content\/uploads\/2021\/07\/Preisuebergabe_2021-1-1024x651.jpg 1024w, https:\/\/stiftung-urmensch-mauer.de\/wp-content\/uploads\/2021\/07\/Preisuebergabe_2021-1-300x191.jpg 300w, https:\/\/stiftung-urmensch-mauer.de\/wp-content\/uploads\/2021\/07\/Preisuebergabe_2021-1-768x488.jpg 768w, https:\/\/stiftung-urmensch-mauer.de\/wp-content\/uploads\/2021\/07\/Preisuebergabe_2021-1-1536x976.jpg 1536w, https:\/\/stiftung-urmensch-mauer.de\/wp-content\/uploads\/2021\/07\/Preisuebergabe_2021-1-2048x1302.jpg 2048w\" sizes=\"auto, (max-width: 603px) 100vw, 603px\" \/><figcaption>Preis\u00fcbergabe im Max-Born-Gymnasium in Neckargem\u00fcnd: v.l.n.r. Dr. Cornelia Sussieck, Hanna Steck (Biologie-Lehrerin), Julia B\u00f6hm (Preistr\u00e4gerin), Azis Iqbal (stellv. Schulleiter)<\/figcaption><\/figure><\/div>\n\n\n\n<p>Auch im zweiten Jahr ist der Schoetensack-Preis ein Erfolg: Acht Gymnasien im Rhein-Neckar-Kreis haben ihre besten Abiturienten und Abiturientinnen nominiert. Alle haben im Leistungskurs Biologie herausragende Leistungen erbracht; eine Sch\u00fclerin hat sich mit dem Thema DNA-Sequenzierung besch\u00e4ftigt. Ziel einiger Abiturientinnen ist das Studium der Medizin. Coronabedingt konnten wir leider nur an einer Abiturfeier teilnehmen und den Preis pers\u00f6nlich \u00fcbergeben. Wir w\u00fcnschen all diesen jungen Menschen ganz viel Freude bei ihrer weiteren Ausbildung und viel Erfolg.<\/p>\n\n\n\n<p><strong>Die Preistr\u00e4ger sind:<\/strong><\/p>\n\n\n\n<ul class=\"wp-block-list\"><li>Alice Albrecht, Gymnasium Walldorf<\/li><li>Lina Reinstorf, Bunsen-Gymnasium Heidelberg<\/li><li>Ghavin Krishnabavan, Friedrich-Ebert-Gymnasium Sandhausen<\/li><li>Felix M\u00fcnter, St. Raphael-Gymnasium Heidelberg<\/li><li>Julia B\u00f6hl, Max-Born-Gymnasium Neckargem\u00fcnd<\/li><li>Konstantin von dem Bussche, Kurf\u00fcrst-Friedrich-Gymnasium Heidelberg<\/li><li>Katharina Grimberg, Wilhelmi-Gymnasium Sinsheim<\/li><li>Greta Behringer, Kurpfalz-Gymnasium Schriesheim<\/li><\/ul>\n\n\n\n<p><strong>Wir bedanken uns herzlich bei unseren Unterst\u00fctzern:<\/strong><\/p>\n\n\n\n<ul class=\"wp-block-list\"><li><a rel=\"noreferrer noopener\" href=\"https:\/\/www.museumspass.com\/de\" target=\"_blank\">MUSEUMS-PASS-MUS\u00c9E, Basel<\/a><\/li><li><a rel=\"noreferrer noopener\" href=\"https:\/\/www.westermann.de\/\" target=\"_blank\">Schulbuchverlag Westermann, Braunschweig<\/a><\/li><li><a rel=\"noreferrer noopener\" href=\"http:\/\/www.homoheidelbergensis.de\/\" target=\"_blank\">Verein <em>Homo heidelbergensis<\/em> vo<\/a><a href=\"http:\/\/www.homoheidelbergensis.de\/\" target=\"_blank\" rel=\"noreferrer noopener\">n<\/a><a rel=\"noreferrer noopener\" href=\"http:\/\/www.homoheidelbergensis.de\/\" target=\"_blank\"> Mauer e.V.<\/a><\/li><\/ul>\n\n\n\n<p><br><\/p>\n","protected":false},"excerpt":{"rendered":"<p>Auch im zweiten Jahr ist der Schoetensack-Preis ein Erfolg: Acht Gymnasien im Rhein-Neckar-Kreis haben ihre besten Abiturienten und Abiturientinnen nominiert. Alle haben im Leistungskurs Biologie herausragende Leistungen erbracht; eine Sch\u00fclerin hat sich mit dem Thema DNA-Sequenzierung besch\u00e4ftigt. Ziel einiger Abiturientinnen ist das Studium der Medizin. Coronabedingt konnten wir leider nur an einer Abiturfeier teilnehmen und &#8230; <a title=\"Schoetensack-Preis 2021\" class=\"read-more\" href=\"https:\/\/stiftung-urmensch-mauer.de\/?page_id=341\" aria-label=\"Mehr Informationen \u00fcber Schoetensack-Preis 2021\">Weiterlesen &#8230;<\/a><\/p>\n","protected":false},"author":1,"featured_media":0,"parent":177,"menu_order":0,"comment_status":"closed","ping_status":"closed","template":"","meta":{"footnotes":""},"class_list":["post-341","page","type-page","status-publish"],"_links":{"self":[{"href":"https:\/\/stiftung-urmensch-mauer.de\/index.php?rest_route=\/wp\/v2\/pages\/341","targetHints":{"allow":["GET"]}}],"collection":[{"href":"https:\/\/stiftung-urmensch-mauer.de\/index.php?rest_route=\/wp\/v2\/pages"}],"about":[{"href":"https:\/\/stiftung-urmensch-mauer.de\/index.php?rest_route=\/wp\/v2\/types\/page"}],"author":[{"embeddable":true,"href":"https:\/\/stiftung-urmensch-mauer.de\/index.php?rest_route=\/wp\/v2\/users\/1"}],"replies":[{"embeddable":true,"href":"https:\/\/stiftung-urmensch-mauer.de\/index.php?rest_route=%2Fwp%2Fv2%2Fcomments&post=341"}],"version-history":[{"count":6,"href":"https:\/\/stiftung-urmensch-mauer.de\/index.php?rest_route=\/wp\/v2\/pages\/341\/revisions"}],"predecessor-version":[{"id":353,"href":"https:\/\/stiftung-urmensch-mauer.de\/index.php?rest_route=\/wp\/v2\/pages\/341\/revisions\/353"}],"up":[{"embeddable":true,"href":"https:\/\/stiftung-urmensch-mauer.de\/index.php?rest_route=\/wp\/v2\/pages\/177"}],"wp:attachment":[{"href":"https:\/\/stiftung-urmensch-mauer.de\/index.php?rest_route=%2Fwp%2Fv2%2Fmedia&parent=341"}],"curies":[{"name":"wp","href":"https:\/\/api.w.org\/{rel}","templated":true}]}}