{"id":564,"date":"2023-03-23T19:14:36","date_gmt":"2023-03-23T19:14:36","guid":{"rendered":"https:\/\/stiftung-urmensch-mauer.de\/?page_id=564"},"modified":"2023-03-23T21:45:49","modified_gmt":"2023-03-23T21:45:49","slug":"youtube-kanal-fuer-den-homo-heidelbergensis","status":"publish","type":"page","link":"https:\/\/stiftung-urmensch-mauer.de\/?page_id=564","title":{"rendered":"YouTube-Kanal f\u00fcr den Homo heidelbergensis"},"content":{"rendered":"\n<p>Der Erfolg bei dem <a rel=\"noreferrer noopener\" href=\"https:\/\/volksbank-neckartal.viele-schaffen-mehr.de\/museum-homo-heidelbergensis\" target=\"_blank\"><strong>Crowd Funding-Projekt der Volksbank Neckartal<\/strong><\/a> hat die noch junge Stiftung Urmensch von Mauer in die Lage versetzt, lange geplante Projekte nun endlich in die Tat umzusetzen. So wurde in den letzten Monaten ein <strong>Film <\/strong>\u00fcber die <strong>Sandgrube Grafenrain<\/strong> fertiggestellt. Aufwendig produziert, besch\u00e4ftigt sich der etwa 10-min\u00fctige Film mit den Sanden von Mauer, dem Unterkiefer des<em> Homo heidelbergensis <\/em>und den Zielen, welche die Stiftung verfolgt.<\/p>\n\n\n\n<p>Der Film zeigt neue, spektakul\u00e4re Luftaufnahmen von Mauer und der Sandgrube, die im Januar 2020 mit einer mit Kamera ausgestatteten Drohne aufgenommen wurden. Es wird auch ein Wiedersehen mit Ausschnitten aus dem 2007 vom Verein <em>Homo heidelbergensis<\/em> von Mauer e.V. produzierten Jubil\u00e4umsfilm geben und viele Fossilien aus den Sandgruben rund um Mauer werden zu sehen sein. Ab <strong>Mittwoch, den 14. April um 19:30 Uhr<\/strong> ist der Film \u201e<strong>Die Sandgrube Grafenrain \u2013 Fundort des <em>Homo heidelbergensis<\/em><\/strong>\u201c bei <strong>YouTube<\/strong> unter dem Link <strong><a rel=\"noreferrer noopener\" href=\"https:\/\/www.youtube.com\/watch?v=1RYxDWVnbU4\" target=\"_blank\">https:\/\/www.youtube.com\/watch?v=1RYxDWVnbU4<\/a> <\/strong>zu sehen.<\/p>\n\n\n<div class=\"wp-block-image\">\n<figure class=\"alignleft size-large is-resized\"><a href=\"https:\/\/www.youtube.com\/@homoheidelbergensisvonmaue7003\" target=\"_blank\" rel=\"noreferrer noopener\"><img loading=\"lazy\" decoding=\"async\" src=\"http:\/\/stiftung-urmensch-mauer.de\/wp-content\/uploads\/2021\/04\/1280px-Logo_of_YouTube_2015-2017.svg-1024x430.png\" alt=\"\" class=\"wp-image-315\" width=\"128\" height=\"54\" srcset=\"https:\/\/stiftung-urmensch-mauer.de\/wp-content\/uploads\/2021\/04\/1280px-Logo_of_YouTube_2015-2017.svg-1024x430.png 1024w, https:\/\/stiftung-urmensch-mauer.de\/wp-content\/uploads\/2021\/04\/1280px-Logo_of_YouTube_2015-2017.svg-300x126.png 300w, https:\/\/stiftung-urmensch-mauer.de\/wp-content\/uploads\/2021\/04\/1280px-Logo_of_YouTube_2015-2017.svg-768x323.png 768w, https:\/\/stiftung-urmensch-mauer.de\/wp-content\/uploads\/2021\/04\/1280px-Logo_of_YouTube_2015-2017.svg.png 1280w\" sizes=\"auto, (max-width: 128px) 100vw, 128px\" \/><\/a><figcaption class=\"wp-element-caption\"><a rel=\"noreferrer noopener\" href=\"https:\/\/www.youtube.com\/@homoheidelbergensisvonmaue7003\" target=\"_blank\"><strong>www.youtube.com\/@homoheidelbergensisvonmaue7003<\/strong><\/a><\/figcaption><\/figure>\n<\/div>","protected":false},"excerpt":{"rendered":"<p>Der Erfolg bei dem Crowd Funding-Projekt der Volksbank Neckartal hat die noch junge Stiftung Urmensch von Mauer in die Lage versetzt, lange geplante Projekte nun endlich in die Tat umzusetzen. So wurde in den letzten Monaten ein Film \u00fcber die Sandgrube Grafenrain fertiggestellt. Aufwendig produziert, besch\u00e4ftigt sich der etwa 10-min\u00fctige Film mit den Sanden von &#8230; <a title=\"YouTube-Kanal f\u00fcr den Homo heidelbergensis\" class=\"read-more\" href=\"https:\/\/stiftung-urmensch-mauer.de\/?page_id=564\" aria-label=\"Mehr Informationen \u00fcber YouTube-Kanal f\u00fcr den Homo heidelbergensis\">Weiterlesen &#8230;<\/a><\/p>\n","protected":false},"author":1,"featured_media":0,"parent":0,"menu_order":0,"comment_status":"closed","ping_status":"closed","template":"","meta":{"footnotes":""},"class_list":["post-564","page","type-page","status-publish"],"_links":{"self":[{"href":"https:\/\/stiftung-urmensch-mauer.de\/index.php?rest_route=\/wp\/v2\/pages\/564","targetHints":{"allow":["GET"]}}],"collection":[{"href":"https:\/\/stiftung-urmensch-mauer.de\/index.php?rest_route=\/wp\/v2\/pages"}],"about":[{"href":"https:\/\/stiftung-urmensch-mauer.de\/index.php?rest_route=\/wp\/v2\/types\/page"}],"author":[{"embeddable":true,"href":"https:\/\/stiftung-urmensch-mauer.de\/index.php?rest_route=\/wp\/v2\/users\/1"}],"replies":[{"embeddable":true,"href":"https:\/\/stiftung-urmensch-mauer.de\/index.php?rest_route=%2Fwp%2Fv2%2Fcomments&post=564"}],"version-history":[{"count":5,"href":"https:\/\/stiftung-urmensch-mauer.de\/index.php?rest_route=\/wp\/v2\/pages\/564\/revisions"}],"predecessor-version":[{"id":619,"href":"https:\/\/stiftung-urmensch-mauer.de\/index.php?rest_route=\/wp\/v2\/pages\/564\/revisions\/619"}],"wp:attachment":[{"href":"https:\/\/stiftung-urmensch-mauer.de\/index.php?rest_route=%2Fwp%2Fv2%2Fmedia&parent=564"}],"curies":[{"name":"wp","href":"https:\/\/api.w.org\/{rel}","templated":true}]}}