{"id":64,"date":"2019-02-13T16:34:51","date_gmt":"2019-02-13T16:34:51","guid":{"rendered":"http:\/\/stiftung-urmensch-mauer.de\/?page_id=64"},"modified":"2019-02-13T16:34:52","modified_gmt":"2019-02-13T16:34:52","slug":"kunstvitrine-im-museum","status":"publish","type":"page","link":"https:\/\/stiftung-urmensch-mauer.de\/?page_id=64","title":{"rendered":"Kunstvitrine im Museum"},"content":{"rendered":"\n<p><em>Die junge Stiftung \u201eUrmensch von Mauer\u201c stellte sich am 13. \nJanuar 2019 mit einem Festakt im Museum im Rathaus von Mauer zum ersten \nMal der \u00d6ffentlichkeit vor.<\/em><\/p>\n\n\n\n<p>Dietrich Wegner hielt\nden Festvortrag \u00fcber die \u00e4lteste Kunst der Menschheit. In der an diesem Tag\neingeweihten Vitrine konnten die zahlreichen Besucher 50 Kunstobjekte im Alter\nvon 12.000 \u2013 40.000 Jahren bewundern. Die hervorragenden Kopien sind zum Teil\nim Originalmaterial Mammutelfenbein nachgeschnitzt. Das Museum im Rathaus von\nMauer wird vom Verein <em>Homo heidelbergensis<\/em> professionell betreut und\ngepflegt.<\/p>\n\n\n\n<p>Die Stiftung Urmensch\nvon Mauer f\u00f6rdert in Zukunft Wissenschaft und Forschung, Denkmalschutz und\n-pflege, Natur- und Landschaftsschutz, sowie Heimatpflege und -kunde. <\/p>\n\n\n\n<p>Der Stiftungszweck soll\ninsbesondere dadurch erreicht werden, dass aus den Ertr\u00e4gen der Stiftung Mittel\nbereitgestellt werden, um ein neues urgeschichtliches Museum in Mauer und\nForschungsprojekte rund um den Urmenschen zu f\u00f6rdern.<\/p>\n\n\n\n<p>\u201eMit diesem Museum soll dieses fr\u00fche Relikt eines unserer Vorfahren \neiner breiten \u00d6ffentlichkeit zug\u00e4nglich gemacht werden\u201c, sagt Dr. \nCornelia Sussieck, eine der beiden Stifter. Das Museum, dessen Bau und \nUnterhalt die Stiftung unterst\u00fctzen will, bietet dar\u00fcber hinaus \nvielf\u00e4ltige Ankn\u00fcpfungspunkte. Angefangen mit Wissenschaft, Forschung \nund Dokumentation der Menschheitsgeschichte bis hin zu \ngesellschaftspolitischen Aufgaben und der F\u00f6rderung der Region \nRhein-Neckar.<\/p>\n\n\n\n<p>Dr. Wolfram Freudenberg \u00fcberreichte der Stiftung\ndankenswerterweise eine \u00fcber 100 Jahre alte Nachbildung des <em>Homo\nheidelbergensis, <\/em>angefertigtvon seinem Gro\u00dfvater Prof. Wilhelm&nbsp; Freudenberg.\n\nEinen passenden Rahmen\nbildete die Musik der Gruppe \u201eForestFlow\u201c mit Didgeridoo, Trommeln und Berimbau,\ndie die Besucher in die alte Zeit zur\u00fcckversetzen. \n\n\n\n<\/p>\n\n\n\n<div class=\"wp-block-image\"><figure class=\"aligncenter\"><img loading=\"lazy\" decoding=\"async\" width=\"564\" height=\"846\" src=\"http:\/\/stiftung-urmensch-mauer.de\/wp-content\/uploads\/2019\/02\/Kunstvitrine_05-1.jpg\" alt=\"\" class=\"wp-image-65\" srcset=\"https:\/\/stiftung-urmensch-mauer.de\/wp-content\/uploads\/2019\/02\/Kunstvitrine_05-1.jpg 564w, https:\/\/stiftung-urmensch-mauer.de\/wp-content\/uploads\/2019\/02\/Kunstvitrine_05-1-200x300.jpg 200w\" sizes=\"auto, (max-width: 564px) 100vw, 564px\" \/><figcaption> Kunstvitrine im Museum im Rathaus Mauer <\/figcaption><\/figure><\/div>\n","protected":false},"excerpt":{"rendered":"<p>Die junge Stiftung \u201eUrmensch von Mauer\u201c stellte sich am 13. Januar 2019 mit einem Festakt im Museum im Rathaus von Mauer zum ersten Mal der \u00d6ffentlichkeit vor. Dietrich Wegner hielt den Festvortrag \u00fcber die \u00e4lteste Kunst der Menschheit. In der an diesem Tag eingeweihten Vitrine konnten die zahlreichen Besucher 50 Kunstobjekte im Alter von 12.000 &#8230; <a title=\"Kunstvitrine im Museum\" class=\"read-more\" href=\"https:\/\/stiftung-urmensch-mauer.de\/?page_id=64\" aria-label=\"Mehr Informationen \u00fcber Kunstvitrine im Museum\">Weiterlesen &#8230;<\/a><\/p>\n","protected":false},"author":1,"featured_media":0,"parent":0,"menu_order":0,"comment_status":"closed","ping_status":"closed","template":"","meta":{"footnotes":""},"class_list":["post-64","page","type-page","status-publish"],"_links":{"self":[{"href":"https:\/\/stiftung-urmensch-mauer.de\/index.php?rest_route=\/wp\/v2\/pages\/64","targetHints":{"allow":["GET"]}}],"collection":[{"href":"https:\/\/stiftung-urmensch-mauer.de\/index.php?rest_route=\/wp\/v2\/pages"}],"about":[{"href":"https:\/\/stiftung-urmensch-mauer.de\/index.php?rest_route=\/wp\/v2\/types\/page"}],"author":[{"embeddable":true,"href":"https:\/\/stiftung-urmensch-mauer.de\/index.php?rest_route=\/wp\/v2\/users\/1"}],"replies":[{"embeddable":true,"href":"https:\/\/stiftung-urmensch-mauer.de\/index.php?rest_route=%2Fwp%2Fv2%2Fcomments&post=64"}],"version-history":[{"count":1,"href":"https:\/\/stiftung-urmensch-mauer.de\/index.php?rest_route=\/wp\/v2\/pages\/64\/revisions"}],"predecessor-version":[{"id":66,"href":"https:\/\/stiftung-urmensch-mauer.de\/index.php?rest_route=\/wp\/v2\/pages\/64\/revisions\/66"}],"wp:attachment":[{"href":"https:\/\/stiftung-urmensch-mauer.de\/index.php?rest_route=%2Fwp%2Fv2%2Fmedia&parent=64"}],"curies":[{"name":"wp","href":"https:\/\/api.w.org\/{rel}","templated":true}]}}