{"id":667,"date":"2023-08-05T20:38:17","date_gmt":"2023-08-05T20:38:17","guid":{"rendered":"https:\/\/stiftung-urmensch-mauer.de\/?page_id=667"},"modified":"2023-08-05T20:38:18","modified_gmt":"2023-08-05T20:38:18","slug":"schoetensack-preis-2023","status":"publish","type":"page","link":"https:\/\/stiftung-urmensch-mauer.de\/?page_id=667","title":{"rendered":"Schoetensack-Preis 2023"},"content":{"rendered":"\n<figure class=\"wp-block-image size-large\"><img loading=\"lazy\" decoding=\"async\" width=\"1024\" height=\"915\" src=\"http:\/\/stiftung-urmensch-mauer.de\/wp-content\/uploads\/2023\/07\/DSC03731bb_b-1024x915.jpg\" alt=\"\" class=\"wp-image-666\" srcset=\"https:\/\/stiftung-urmensch-mauer.de\/wp-content\/uploads\/2023\/07\/DSC03731bb_b-1024x915.jpg 1024w, https:\/\/stiftung-urmensch-mauer.de\/wp-content\/uploads\/2023\/07\/DSC03731bb_b-300x268.jpg 300w, https:\/\/stiftung-urmensch-mauer.de\/wp-content\/uploads\/2023\/07\/DSC03731bb_b-768x686.jpg 768w, https:\/\/stiftung-urmensch-mauer.de\/wp-content\/uploads\/2023\/07\/DSC03731bb_b.jpg 1200w\" sizes=\"auto, (max-width: 1024px) 100vw, 1024px\" \/><\/figure>\n\n\n\n<p>Preis\u00fcbergabe im Adolf-Schmitthenner-Gymnasium in Neckarbischofsheim. Dr. Cornelia Sussieck \u00fcbergibt den Preis an Lilian Frommert.<\/p>\n\n\n\n<p>Der Schoetensack-Preis ist inzwischen bei den Gymnasien in der Umgebung von Mauer eine feste Gr\u00f6\u00dfe geworden. In diesem Jahr durften wir ihn an 14 Abiturientinnen und Abiturienten verleihen. Lilian hat an der Biologie-Olympiade teilgenommen. In der zweiten Runde erreichte sie von 533 Teilnehmern einen beachtlichen 13. Platz! Die meisten Preistr\u00e4ger und Preistr\u00e4gerinnen haben sich schon w\u00e4hrend ihrer Schulzeit mit biologischen Projekten besch\u00e4ftigt wie der Weltern\u00e4hrung, der Evolution, dem Leben in T\u00fcmpeln und haben bei \u201eJugend forscht\u201c teilgenommen.<\/p>\n\n\n\n<p>Wir gratulieren allen Preistr\u00e4gern herzlich!<\/p>\n\n\n\n<p><strong>Die Preistr\u00e4ger sind:<\/strong><\/p>\n\n\n\n<ul class=\"wp-block-list\">\n<li>Eva Amann, H\u00f6lderlin-Gymnasium Heidelberg<\/li>\n\n\n\n<li>Marlon Bierlein, Karl-Friedrich-Gauss-Gymnasium Hockenheim<\/li>\n\n\n\n<li>Erin Engin, Kurpfalz-Gymnasium Schriesheim<\/li>\n\n\n\n<li>Lilli Fischer, Max-Born-Gymnasium Neckargem\u00fcnd<\/li>\n\n\n\n<li>Lilian Frommert, Adolf-Schmitthenner-Gymnasium Neckarbischofsheim<\/li>\n\n\n\n<li>Eva Gr\u00f6ne, Gymnasium Walldorf<\/li>\n\n\n\n<li>Marcal Hauptmann, Bunsen-Gymnasium Heidelberg<\/li>\n\n\n\n<li>Annika Heepmann, Kurf\u00fcrst-Friedrich-Gymnasium Heidelberg<\/li>\n\n\n\n<li>Mathis Homann, Hebel-Gymnasium Schwetzingen<\/li>\n\n\n\n<li>Sajen Kailanathan, Wilhelmi-Gymnasium Sinsheim<\/li>\n\n\n\n<li>Emma-Sophie Mathes, Gymnasium Bammental<\/li>\n\n\n\n<li>Lena Riester, Privatgymnasium Schwetzingen<\/li>\n\n\n\n<li>Ruth Alexandra Stenkamp, St. Raphael Gymnasium Heidelberg<\/li>\n\n\n\n<li>Lina Wald, Friedrich-Ebert-Gymnasium Sandhausen<\/li>\n<\/ul>\n\n\n\n<p><strong>Wir bedanken uns herzlich bei unseren Unterst\u00fctzern:<\/strong><\/p>\n\n\n\n<ul class=\"wp-block-list\">\n<li><a rel=\"noreferrer noopener\" href=\"https:\/\/www.museumspass.com\/de\" target=\"_blank\">MUSEUMS-PASS-MUS\u00c9E, Basel<\/a><\/li>\n\n\n\n<li><a rel=\"noreferrer noopener\" href=\"http:\/\/www.homoheidelbergensis.de\/\" target=\"_blank\">Verein <em>Homo heidelbergensis<\/em> von Mauer e.V.<\/a><\/li>\n<\/ul>\n\n\n\n<p><br><\/p>\n","protected":false},"excerpt":{"rendered":"<p>Preis\u00fcbergabe im Adolf-Schmitthenner-Gymnasium in Neckarbischofsheim. Dr. Cornelia Sussieck \u00fcbergibt den Preis an Lilian Frommert. Der Schoetensack-Preis ist inzwischen bei den Gymnasien in der Umgebung von Mauer eine feste Gr\u00f6\u00dfe geworden. In diesem Jahr durften wir ihn an 14 Abiturientinnen und Abiturienten verleihen. Lilian hat an der Biologie-Olympiade teilgenommen. In der zweiten Runde erreichte sie von &#8230; <a title=\"Schoetensack-Preis 2023\" class=\"read-more\" href=\"https:\/\/stiftung-urmensch-mauer.de\/?page_id=667\" aria-label=\"Mehr Informationen \u00fcber Schoetensack-Preis 2023\">Weiterlesen &#8230;<\/a><\/p>\n","protected":false},"author":1,"featured_media":0,"parent":177,"menu_order":0,"comment_status":"closed","ping_status":"closed","template":"","meta":{"footnotes":""},"class_list":["post-667","page","type-page","status-publish"],"_links":{"self":[{"href":"https:\/\/stiftung-urmensch-mauer.de\/index.php?rest_route=\/wp\/v2\/pages\/667","targetHints":{"allow":["GET"]}}],"collection":[{"href":"https:\/\/stiftung-urmensch-mauer.de\/index.php?rest_route=\/wp\/v2\/pages"}],"about":[{"href":"https:\/\/stiftung-urmensch-mauer.de\/index.php?rest_route=\/wp\/v2\/types\/page"}],"author":[{"embeddable":true,"href":"https:\/\/stiftung-urmensch-mauer.de\/index.php?rest_route=\/wp\/v2\/users\/1"}],"replies":[{"embeddable":true,"href":"https:\/\/stiftung-urmensch-mauer.de\/index.php?rest_route=%2Fwp%2Fv2%2Fcomments&post=667"}],"version-history":[{"count":2,"href":"https:\/\/stiftung-urmensch-mauer.de\/index.php?rest_route=\/wp\/v2\/pages\/667\/revisions"}],"predecessor-version":[{"id":669,"href":"https:\/\/stiftung-urmensch-mauer.de\/index.php?rest_route=\/wp\/v2\/pages\/667\/revisions\/669"}],"up":[{"embeddable":true,"href":"https:\/\/stiftung-urmensch-mauer.de\/index.php?rest_route=\/wp\/v2\/pages\/177"}],"wp:attachment":[{"href":"https:\/\/stiftung-urmensch-mauer.de\/index.php?rest_route=%2Fwp%2Fv2%2Fmedia&parent=667"}],"curies":[{"name":"wp","href":"https:\/\/api.w.org\/{rel}","templated":true}]}}