{"id":712,"date":"2023-10-12T20:52:55","date_gmt":"2023-10-12T20:52:55","guid":{"rendered":"https:\/\/stiftung-urmensch-mauer.de\/?page_id=712"},"modified":"2023-10-12T21:04:47","modified_gmt":"2023-10-12T21:04:47","slug":"die-chiwondo-beds-im-malawi-rift","status":"publish","type":"page","link":"https:\/\/stiftung-urmensch-mauer.de\/?page_id=712","title":{"rendered":"Die Chiwondo Beds im Malawi Rift"},"content":{"rendered":"\n<p><strong>Sonntag, 5. November 2023<\/strong><\/p>\n\n\n\n<p><strong>11:00 Uhr<\/strong><br>\u201e<strong>Die Chiwondo Beds im Malawi Rift <\/strong><br><strong>\u2013 ein Korridor zwischen Ost- und S\u00fcdafrika<\/strong>\u201c<br>Referent: <strong><a href=\"https:\/\/www.hlmd.de\/museum\/forschung\/naturgeschichte\/dr-oliver-sandrock.html\" target=\"_blank\" rel=\"noreferrer noopener\">Dr. Oliver Sandrock<\/a><\/strong>, Hessisches Landesmuseum Darmstadt<\/p>\n\n\n\n<p>Die Bedeutung der Plio-Pleistoz\u00e4nen Chiwondo Beds in Nord-Malawi liegt in der geografischen Lage zwischen den klassischen ost- und s\u00fcdafrikanischen Hominidenfundstellen. Der Gro\u00dfteil der Fauna ist 2 bis 3 Millionen Jahre alt. Die Fauna \u00e4hnelt der aus dem Turkana-Becken in Nord-Kenia. Das Malawi-Rift war vor ca. 2,4 Millionen Jahren \u00fcberwiegend von bewaldeter Savanne bedeckt. Der Fr\u00fchmensch <em>Homo rudolfensis <\/em>koexistierte mit dem robusten Vormenschen <em>Paranthropus boisei<\/em>. Beide waren Nahrungsgeneralisten. In Ostafrika ern\u00e4hrte sich <em>P. Boisei <\/em>\u2013 vor allem nach 2 Millionen Jahren \u2013 fast ausschlie\u00dflich von Gras. Sein s\u00fcdafrikanisches Pendant bevorzugte gemischte Kost oder Blattnahrung. Dominierten im Turkana-Becken und im Awash-Tal \u00c4thiopiens&nbsp;zwischen 3,5 und 3 Millionen Jahren noch Waldl\u00e4nder, setzte sich im Ostafrikanischen Graben danach ein asynchroner Trend zu sukzessiv offenen und trockenen Lebensr\u00e4umen durch.<\/p>\n","protected":false},"excerpt":{"rendered":"<p>Sonntag, 5. November 2023 11:00 Uhr\u201eDie Chiwondo Beds im Malawi Rift \u2013 ein Korridor zwischen Ost- und S\u00fcdafrika\u201cReferent: Dr. Oliver Sandrock, Hessisches Landesmuseum Darmstadt Die Bedeutung der Plio-Pleistoz\u00e4nen Chiwondo Beds in Nord-Malawi liegt in der geografischen Lage zwischen den klassischen ost- und s\u00fcdafrikanischen Hominidenfundstellen. Der Gro\u00dfteil der Fauna ist 2 bis 3 Millionen Jahre alt. &#8230; <a title=\"Die Chiwondo Beds im Malawi Rift\" class=\"read-more\" href=\"https:\/\/stiftung-urmensch-mauer.de\/?page_id=712\" aria-label=\"Mehr Informationen \u00fcber Die Chiwondo Beds im Malawi Rift\">Weiterlesen &#8230;<\/a><\/p>\n","protected":false},"author":1,"featured_media":0,"parent":0,"menu_order":0,"comment_status":"closed","ping_status":"closed","template":"","meta":{"footnotes":""},"class_list":["post-712","page","type-page","status-publish"],"_links":{"self":[{"href":"https:\/\/stiftung-urmensch-mauer.de\/index.php?rest_route=\/wp\/v2\/pages\/712","targetHints":{"allow":["GET"]}}],"collection":[{"href":"https:\/\/stiftung-urmensch-mauer.de\/index.php?rest_route=\/wp\/v2\/pages"}],"about":[{"href":"https:\/\/stiftung-urmensch-mauer.de\/index.php?rest_route=\/wp\/v2\/types\/page"}],"author":[{"embeddable":true,"href":"https:\/\/stiftung-urmensch-mauer.de\/index.php?rest_route=\/wp\/v2\/users\/1"}],"replies":[{"embeddable":true,"href":"https:\/\/stiftung-urmensch-mauer.de\/index.php?rest_route=%2Fwp%2Fv2%2Fcomments&post=712"}],"version-history":[{"count":2,"href":"https:\/\/stiftung-urmensch-mauer.de\/index.php?rest_route=\/wp\/v2\/pages\/712\/revisions"}],"predecessor-version":[{"id":722,"href":"https:\/\/stiftung-urmensch-mauer.de\/index.php?rest_route=\/wp\/v2\/pages\/712\/revisions\/722"}],"wp:attachment":[{"href":"https:\/\/stiftung-urmensch-mauer.de\/index.php?rest_route=%2Fwp%2Fv2%2Fmedia&parent=712"}],"curies":[{"name":"wp","href":"https:\/\/api.w.org\/{rel}","templated":true}]}}