{"id":773,"date":"2024-06-26T11:53:16","date_gmt":"2024-06-26T11:53:16","guid":{"rendered":"https:\/\/stiftung-urmensch-mauer.de\/?page_id=773"},"modified":"2024-06-26T12:18:39","modified_gmt":"2024-06-26T12:18:39","slug":"projektstart-museum-fuer-den-urmenschen-von-mauer","status":"publish","type":"page","link":"https:\/\/stiftung-urmensch-mauer.de\/?page_id=773","title":{"rendered":"Projektstart Museum f\u00fcr den Urmenschen von Mauer"},"content":{"rendered":"\n<p>Untersuchung des Baugrundes am 04. Juni 2024<\/p>\n\n\n\n<p>Bald ist es so weit. Dann beginnt der Bau des Museums f\u00fcr den <em>Homo heidelbergensis<\/em>, den \u00e4ltesten Mitteleurop\u00e4er, neben dem Rathaus in Mauer. Er steht ziemlich am Anfang der Entwicklung des Menschen in Europa, denn er ist der Vater des Neandertalers und des modernen Menschen, dem <em>Homo sapiens<\/em> \u2013 also von uns.<\/p>\n\n\n\n<p><strong>B\u00fcrgermeister John Ehret<\/strong> betonte die Bedeutung des geplanten Museumsbaus f\u00fcr die Gemeinde Mauer. Er bedankte sich auch beim Gemeinderat, der sowohl der Bauplanung als auch der kostenfreien Zurverf\u00fcgungstellung des Baugrundes einstimmig zugestimmt hat.<\/p>\n\n\n\n<p>Die Stifterin <strong>Dr. Cornelia Sussieck<\/strong> stellte die Konzeption der Ausstellung vor: \u201eDie Heimat des Urmenschen von Mauer soll jetzt wieder auferstehen. Wie hat er gelebt? Wie sah seine Umwelt aus? All das wollen wir begreifbar und erlebbar machen. Wir werden es sogar erm\u00f6glichen, dass die Besucher mit unserem <em>Homo heidelbergensis<\/em> reden k\u00f6nnen am Rande einer Tr\u00e4nke im Neckar inmitten der Steppenlandschaft mit all den Tieren, die es damals gab: Elefanten, Nilpferde, Nash\u00f6rner, Pferde, Affen, Hirsche, L\u00f6wen, Flugh\u00f6rnchen, M\u00e4use und viele andere mehr!\u201c Sie rief auch die Mauerer B\u00fcrger dazu auf, sich am Bau und der Ausstellung zu beteiligen als Paten, als Sponsor oder als Zustifter.<\/p>\n\n\n\n<p><strong>Prof. Gero Quasten<\/strong> (Prosa Architektur und Stadtplanung BDA) erl\u00e4uterte die Bedeutung des Neubaus auch in seiner Vorbildfunktion f\u00fcr nachhaltige Bauweise. Das Geb\u00e4ude soll in Erstellung und Betrieb so wenig CO<sub>2<\/sub>-Emissionen erzeugen, dass es langfristig klimaneutral ist. Das Geb\u00e4ude soll Vergangenheit und Zukunft verantwortungsvoll miteinander verkn\u00fcpfen.<\/p>\n\n\n\n<p><strong>Dipl. Geol. Gerd Wiedenbeck<\/strong> (U\/C-tec Umweltconsulting + Technologie GmbH) betonte die Wichtigkeit einer Baugrunduntersuchung auch f\u00fcr Privath\u00e4user. Denn unter Umst\u00e4nden kann die Standfestigkeit davon abh\u00e4ngen.<\/p>\n\n\n\n<p>Viele Mauerer B\u00fcrger kamen, um sich die Bohrkerne anzusehen. Etwa in der Mitte der acht Meter tiefen Bohrung kamen immerhin 10.000 Jahre alte Schichten zutage. Die Kinder der Klasse 1b der \u00f6rtlichen Grundschule besuchten uns ebenfalls mit selbst gemalten Schildern: \u201eWir freuen uns auf unser neues Museum\u201c. Sie waren besonders an der Bohrung selbst interessiert.<\/p>\n\n\n\n<p>Die Sponsoren des Tages:<\/p>\n\n\n\n<ul class=\"wp-block-list\">\n<li>Gerd M. Wiedenbeck, <strong>U\/C-tec Umweltconsulting + Technologie GmbH<\/strong>, f\u00fchlt sich als Mauerer B\u00fcrger aufgerufen und f\u00fchrte die Baugrunderkundung kostenfrei durch.<\/li>\n\n\n\n<li>Die Firma <strong>McFair<\/strong> aus Mauer stellte den Bagger kostenfrei zur Verf\u00fcgung.<\/li>\n\n\n\n<li>Die <strong>Stadtb\u00e4ckerei Frick<\/strong> stiftete die Brezeln f\u00fcr alle Besucher.<\/li>\n<\/ul>\n\n\n\n<figure class=\"wp-block-gallery has-nested-images columns-default is-cropped wp-block-gallery-1 is-layout-flex wp-block-gallery-is-layout-flex\">\n<figure class=\"wp-block-image size-large\"><img loading=\"lazy\" decoding=\"async\" width=\"1024\" height=\"768\" data-id=\"776\" src=\"http:\/\/stiftung-urmensch-mauer.de\/wp-content\/uploads\/2024\/06\/240604_Baugrunduntersuchung_02-1024x768.jpg\" alt=\"\" class=\"wp-image-776\" srcset=\"https:\/\/stiftung-urmensch-mauer.de\/wp-content\/uploads\/2024\/06\/240604_Baugrunduntersuchung_02-1024x768.jpg 1024w, https:\/\/stiftung-urmensch-mauer.de\/wp-content\/uploads\/2024\/06\/240604_Baugrunduntersuchung_02-300x225.jpg 300w, https:\/\/stiftung-urmensch-mauer.de\/wp-content\/uploads\/2024\/06\/240604_Baugrunduntersuchung_02-768x576.jpg 768w, https:\/\/stiftung-urmensch-mauer.de\/wp-content\/uploads\/2024\/06\/240604_Baugrunduntersuchung_02-1536x1152.jpg 1536w, https:\/\/stiftung-urmensch-mauer.de\/wp-content\/uploads\/2024\/06\/240604_Baugrunduntersuchung_02.jpg 2016w\" sizes=\"auto, (max-width: 1024px) 100vw, 1024px\" \/><\/figure>\n\n\n\n<figure class=\"wp-block-image size-large\"><img loading=\"lazy\" decoding=\"async\" width=\"1024\" height=\"768\" data-id=\"775\" src=\"http:\/\/stiftung-urmensch-mauer.de\/wp-content\/uploads\/2024\/06\/240604_Baugrunduntersuchung_01-1024x768.jpg\" alt=\"\" class=\"wp-image-775\" srcset=\"https:\/\/stiftung-urmensch-mauer.de\/wp-content\/uploads\/2024\/06\/240604_Baugrunduntersuchung_01-1024x768.jpg 1024w, https:\/\/stiftung-urmensch-mauer.de\/wp-content\/uploads\/2024\/06\/240604_Baugrunduntersuchung_01-300x225.jpg 300w, https:\/\/stiftung-urmensch-mauer.de\/wp-content\/uploads\/2024\/06\/240604_Baugrunduntersuchung_01-768x576.jpg 768w, https:\/\/stiftung-urmensch-mauer.de\/wp-content\/uploads\/2024\/06\/240604_Baugrunduntersuchung_01-1536x1152.jpg 1536w, https:\/\/stiftung-urmensch-mauer.de\/wp-content\/uploads\/2024\/06\/240604_Baugrunduntersuchung_01-2048x1536.jpg 2048w\" sizes=\"auto, (max-width: 1024px) 100vw, 1024px\" \/><\/figure>\n<\/figure>\n\n\n\n<p><\/p>\n\n\n\n<div class=\"wp-block-columns is-layout-flex wp-container-core-columns-is-layout-9d6595d7 wp-block-columns-is-layout-flex\">\n<div class=\"wp-block-column is-layout-flow wp-block-column-is-layout-flow\" style=\"flex-basis:100%\"><\/div>\n<\/div>\n\n\n\n<p><\/p>\n","protected":false},"excerpt":{"rendered":"<p>Untersuchung des Baugrundes am 04. Juni 2024 Bald ist es so weit. Dann beginnt der Bau des Museums f\u00fcr den Homo heidelbergensis, den \u00e4ltesten Mitteleurop\u00e4er, neben dem Rathaus in Mauer. Er steht ziemlich am Anfang der Entwicklung des Menschen in Europa, denn er ist der Vater des Neandertalers und des modernen Menschen, dem Homo sapiens &#8230; <a title=\"Projektstart Museum f\u00fcr den Urmenschen von Mauer\" class=\"read-more\" href=\"https:\/\/stiftung-urmensch-mauer.de\/?page_id=773\" aria-label=\"Mehr Informationen \u00fcber Projektstart Museum f\u00fcr den Urmenschen von Mauer\">Weiterlesen &#8230;<\/a><\/p>\n","protected":false},"author":1,"featured_media":0,"parent":0,"menu_order":0,"comment_status":"closed","ping_status":"closed","template":"","meta":{"footnotes":""},"class_list":["post-773","page","type-page","status-publish"],"_links":{"self":[{"href":"https:\/\/stiftung-urmensch-mauer.de\/index.php?rest_route=\/wp\/v2\/pages\/773","targetHints":{"allow":["GET"]}}],"collection":[{"href":"https:\/\/stiftung-urmensch-mauer.de\/index.php?rest_route=\/wp\/v2\/pages"}],"about":[{"href":"https:\/\/stiftung-urmensch-mauer.de\/index.php?rest_route=\/wp\/v2\/types\/page"}],"author":[{"embeddable":true,"href":"https:\/\/stiftung-urmensch-mauer.de\/index.php?rest_route=\/wp\/v2\/users\/1"}],"replies":[{"embeddable":true,"href":"https:\/\/stiftung-urmensch-mauer.de\/index.php?rest_route=%2Fwp%2Fv2%2Fcomments&post=773"}],"version-history":[{"count":4,"href":"https:\/\/stiftung-urmensch-mauer.de\/index.php?rest_route=\/wp\/v2\/pages\/773\/revisions"}],"predecessor-version":[{"id":785,"href":"https:\/\/stiftung-urmensch-mauer.de\/index.php?rest_route=\/wp\/v2\/pages\/773\/revisions\/785"}],"wp:attachment":[{"href":"https:\/\/stiftung-urmensch-mauer.de\/index.php?rest_route=%2Fwp%2Fv2%2Fmedia&parent=773"}],"curies":[{"name":"wp","href":"https:\/\/api.w.org\/{rel}","templated":true}]}}