{"id":795,"date":"2024-08-09T21:21:44","date_gmt":"2024-08-09T21:21:44","guid":{"rendered":"https:\/\/stiftung-urmensch-mauer.de\/?page_id=795"},"modified":"2024-10-17T17:16:20","modified_gmt":"2024-10-17T17:16:20","slug":"vortragsreihe-im-besucherzentrum-an-der-grube-messel","status":"publish","type":"page","link":"https:\/\/stiftung-urmensch-mauer.de\/?page_id=795","title":{"rendered":"Vortragsreihe im Besucherzentrum an der Grube Messel"},"content":{"rendered":"\n<p><strong>Zombie-Ameisen, Edmonds-Urzeitreich, ein Monster und der mioz\u00e4ne Urrhein im UNESCO-Welterbe Grube Messel<\/strong>&nbsp;<\/p>\n\n\n\n<p><img loading=\"lazy\" decoding=\"async\" width=\"250\" height=\"114\" class=\"wp-image-815\" style=\"width: 250px;\" src=\"http:\/\/stiftung-urmensch-mauer.de\/wp-content\/uploads\/2024\/08\/Kombi-UNESCO-Geo-N.jpg\" alt=\"\" srcset=\"https:\/\/stiftung-urmensch-mauer.de\/wp-content\/uploads\/2024\/08\/Kombi-UNESCO-Geo-N.jpg 1736w, https:\/\/stiftung-urmensch-mauer.de\/wp-content\/uploads\/2024\/08\/Kombi-UNESCO-Geo-N-300x137.jpg 300w, https:\/\/stiftung-urmensch-mauer.de\/wp-content\/uploads\/2024\/08\/Kombi-UNESCO-Geo-N-1024x467.jpg 1024w, https:\/\/stiftung-urmensch-mauer.de\/wp-content\/uploads\/2024\/08\/Kombi-UNESCO-Geo-N-768x350.jpg 768w, https:\/\/stiftung-urmensch-mauer.de\/wp-content\/uploads\/2024\/08\/Kombi-UNESCO-Geo-N-1536x700.jpg 1536w\" sizes=\"auto, (max-width: 250px) 100vw, 250px\" \/><\/p>\n\n\n\n<p><br><strong>Einblicke in spannende pal\u00e4ontologische Funde<\/strong><\/p>\n\n\n\n<figure class=\"wp-block-gallery has-nested-images columns-default is-cropped wp-block-gallery-1 is-layout-flex wp-block-gallery-is-layout-flex\">\n<figure class=\"wp-block-image size-large\"><img loading=\"lazy\" decoding=\"async\" width=\"1024\" height=\"680\" data-id=\"827\" src=\"https:\/\/stiftung-urmensch-mauer.de\/wp-content\/uploads\/2024\/10\/Ameisenkoenigin_b-1024x680.jpg\" alt=\"\" class=\"wp-image-827\" srcset=\"https:\/\/stiftung-urmensch-mauer.de\/wp-content\/uploads\/2024\/10\/Ameisenkoenigin_b-1024x680.jpg 1024w, https:\/\/stiftung-urmensch-mauer.de\/wp-content\/uploads\/2024\/10\/Ameisenkoenigin_b-300x199.jpg 300w, https:\/\/stiftung-urmensch-mauer.de\/wp-content\/uploads\/2024\/10\/Ameisenkoenigin_b-768x510.jpg 768w, https:\/\/stiftung-urmensch-mauer.de\/wp-content\/uploads\/2024\/10\/Ameisenkoenigin_b-1536x1020.jpg 1536w, https:\/\/stiftung-urmensch-mauer.de\/wp-content\/uploads\/2024\/10\/Ameisenkoenigin_b.jpg 1608w\" sizes=\"auto, (max-width: 1024px) 100vw, 1024px\" \/><\/figure>\n\n\n\n<figure class=\"wp-block-image size-large\"><img loading=\"lazy\" decoding=\"async\" width=\"1024\" height=\"683\" data-id=\"825\" src=\"https:\/\/stiftung-urmensch-mauer.de\/wp-content\/uploads\/2024\/10\/Messer-Urpferdchen-F1285MO5_b-1024x683.jpg\" alt=\"\" class=\"wp-image-825\" srcset=\"https:\/\/stiftung-urmensch-mauer.de\/wp-content\/uploads\/2024\/10\/Messer-Urpferdchen-F1285MO5_b-1024x683.jpg 1024w, https:\/\/stiftung-urmensch-mauer.de\/wp-content\/uploads\/2024\/10\/Messer-Urpferdchen-F1285MO5_b-300x200.jpg 300w, https:\/\/stiftung-urmensch-mauer.de\/wp-content\/uploads\/2024\/10\/Messer-Urpferdchen-F1285MO5_b-768x512.jpg 768w, https:\/\/stiftung-urmensch-mauer.de\/wp-content\/uploads\/2024\/10\/Messer-Urpferdchen-F1285MO5_b.jpg 1536w\" sizes=\"auto, (max-width: 1024px) 100vw, 1024px\" \/><\/figure>\n\n\n\n<figure class=\"wp-block-image size-large\"><img loading=\"lazy\" decoding=\"async\" width=\"897\" height=\"600\" data-id=\"824\" src=\"https:\/\/stiftung-urmensch-mauer.de\/wp-content\/uploads\/2024\/10\/DB178ao3_2_b.jpg\" alt=\"\" class=\"wp-image-824\" srcset=\"https:\/\/stiftung-urmensch-mauer.de\/wp-content\/uploads\/2024\/10\/DB178ao3_2_b.jpg 897w, https:\/\/stiftung-urmensch-mauer.de\/wp-content\/uploads\/2024\/10\/DB178ao3_2_b-300x201.jpg 300w, https:\/\/stiftung-urmensch-mauer.de\/wp-content\/uploads\/2024\/10\/DB178ao3_2_b-768x514.jpg 768w\" sizes=\"auto, (max-width: 897px) 100vw, 897px\" \/><\/figure>\n<\/figure>\n\n\n\n<p>Am Samstag, den <strong>2. November 2024<\/strong> findet die diesj\u00e4hrige Vortragsreihe der Stiftung Urmensch von Mauer statt. Wir freuen uns sehr, dass wir bei unserem Kooperationspartner Geo-Naturpark Bergstra\u00dfe-Odenwald offene T\u00fcren gefunden haben. <\/p>\n\n\n\n<p>Die Veranstaltung wird deshalb in den R\u00e4umen des Informationszentrums des Welterbes Grube Messel nahe Darmstadt stattfinden &#8211; ein ganz besonderer und passender Ort f\u00fcr unsere diesj\u00e4hrige Vortagsreihe! Denn sie stellt in diesem Jahr besondere und spannende Ereignisse aus der Pal\u00e4ontologie und ihren Funden vor. Die Geschichten erz\u00e4hlen von Zombie-Ameisen, von Edmonds Urzeitreich und vom Schreckenstier, dass den Zitzenzahn trifft und vom Monster von Aramberri &#8211; einer Spurensuche mit offenem Ausgang.<\/p>\n\n\n\n<p>Die Veranstaltung beginnt um <strong>11 Uhr<\/strong> mit einer F\u00fchrung durch die Grube Messel. Ab <strong>13 Uhr<\/strong> finden die vier Vortr\u00e4ge statt. Um <strong>17 Uhr<\/strong> schlie\u00dft die Podiumsdiskussion den Tag ab mit dem Thema: Wie vermitteln wir Geowissenschaften\/Pal\u00e4ontologie im Museum und dar\u00fcber hinaus?<\/p>\n\n\n\n<p>Teilnahmegeb\u00fchr <strong>19 Euro <\/strong>(F\u00fchrung durch die Grube und inklusive Lunchpaket) <br>Das Anmeldeformular finden Sie hier: <a href=\"https:\/\/sussieck.org\/?Tickets\"><strong>Tickets<\/strong><\/a><\/p>\n\n\n\n<p><strong>Ort<\/strong>: <a href=\"https:\/\/grube-messel.de\/\"><strong>Museum am Welterbe Grube Messel<\/strong><\/a>, Ro\u00dfd\u00f6rfer Stra\u00dfe 108,<br>D-64409 Messel, Tel.: 06159 \u2013 717590<\/p>\n\n\n\n<h2 class=\"wp-block-heading\"><strong>Programm<\/strong><\/h2>\n\n\n\n<p><strong>Samstag, 02. November 2024<\/strong><\/p>\n\n\n\n<figure class=\"wp-block-table is-style-stripes\" style=\"font-size:16px\"><table><tbody><tr><td>11:00 Uhr<\/td><td><strong>F\u00fchrung durch die Grube Messel<\/strong><\/td><\/tr><tr><td>12:00 \u2013 13:00 Uhr<\/td><td>Mittagspause mit Lunchpaket<\/td><\/tr><tr><td>13:00 Uhr<\/td><td><strong>Philip Havlik<\/strong> (Grube Messel): \u201eEdmonds Urzeitreich \u2013 Eine Dinograbung auf Reisen\u201c<\/td><\/tr><tr><td>14:00 Uhr<\/td><td><strong>Prof. Dr. Torsten Wappler<\/strong> (Hessisches Landesmuseum Darmstadt): \u201eZombie-Ameisen und andere Kuriosit\u00e4ten aus der Grube Messel\u201c<\/td><\/tr><tr><td>15:00 Uhr<\/td><td><strong>Dr. Manuela Aiglstorfer<\/strong> (Naturhistorisches Museum Mainz): \u201eSchreckenstier meets Zitzenzahn &#8211; der Mioz\u00e4ne Urrhein bei Eppelsheim\u201c<\/td><\/tr><tr><td>16:00 Uhr<\/td><td><strong>Prof. Dr. Eberhard (Dino) Frey<\/strong>: \u201eDas Monster von Aramberri &#8211; eine Spurensuche mit offenem Ausgang\u201c<\/td><\/tr><tr><td>17:00 \u2013 18:00 Uhr<\/td><td><strong>Podiumsdiskussion:<\/strong> Wie vermitteln wir Geowissenschaften\/Pal\u00e4ontologie im Museum und dar\u00fcber hinaus?<\/td><\/tr><\/tbody><\/table><\/figure>\n\n\n\n<p><\/p>\n\n\n\n<p><\/p>\n","protected":false},"excerpt":{"rendered":"<p>Zombie-Ameisen, Edmonds-Urzeitreich, ein Monster und der mioz\u00e4ne Urrhein im UNESCO-Welterbe Grube Messel&nbsp; Einblicke in spannende pal\u00e4ontologische Funde Am Samstag, den 2. November 2024 findet die diesj\u00e4hrige Vortragsreihe der Stiftung Urmensch von Mauer statt. Wir freuen uns sehr, dass wir bei unserem Kooperationspartner Geo-Naturpark Bergstra\u00dfe-Odenwald offene T\u00fcren gefunden haben. Die Veranstaltung wird deshalb in den R\u00e4umen &#8230; <a title=\"Vortragsreihe im Besucherzentrum an der Grube Messel\" class=\"read-more\" href=\"https:\/\/stiftung-urmensch-mauer.de\/?page_id=795\" aria-label=\"Mehr Informationen \u00fcber Vortragsreihe im Besucherzentrum an der Grube Messel\">Weiterlesen &#8230;<\/a><\/p>\n","protected":false},"author":1,"featured_media":0,"parent":0,"menu_order":0,"comment_status":"closed","ping_status":"closed","template":"","meta":{"footnotes":""},"class_list":["post-795","page","type-page","status-publish"],"_links":{"self":[{"href":"https:\/\/stiftung-urmensch-mauer.de\/index.php?rest_route=\/wp\/v2\/pages\/795","targetHints":{"allow":["GET"]}}],"collection":[{"href":"https:\/\/stiftung-urmensch-mauer.de\/index.php?rest_route=\/wp\/v2\/pages"}],"about":[{"href":"https:\/\/stiftung-urmensch-mauer.de\/index.php?rest_route=\/wp\/v2\/types\/page"}],"author":[{"embeddable":true,"href":"https:\/\/stiftung-urmensch-mauer.de\/index.php?rest_route=\/wp\/v2\/users\/1"}],"replies":[{"embeddable":true,"href":"https:\/\/stiftung-urmensch-mauer.de\/index.php?rest_route=%2Fwp%2Fv2%2Fcomments&post=795"}],"version-history":[{"count":9,"href":"https:\/\/stiftung-urmensch-mauer.de\/index.php?rest_route=\/wp\/v2\/pages\/795\/revisions"}],"predecessor-version":[{"id":834,"href":"https:\/\/stiftung-urmensch-mauer.de\/index.php?rest_route=\/wp\/v2\/pages\/795\/revisions\/834"}],"wp:attachment":[{"href":"https:\/\/stiftung-urmensch-mauer.de\/index.php?rest_route=%2Fwp%2Fv2%2Fmedia&parent=795"}],"curies":[{"name":"wp","href":"https:\/\/api.w.org\/{rel}","templated":true}]}}