{"id":89,"date":"2019-07-24T20:56:39","date_gmt":"2019-07-24T20:56:39","guid":{"rendered":"http:\/\/stiftung-urmensch-mauer.de\/?page_id=89"},"modified":"2023-10-01T19:32:23","modified_gmt":"2023-10-01T19:32:23","slug":"presse","status":"publish","type":"page","link":"https:\/\/stiftung-urmensch-mauer.de\/?page_id=89","title":{"rendered":"Presse"},"content":{"rendered":"\n<p>Berichte unserer Stiftung und ausgew\u00e4hlte Links zu Presseartikeln oder Internetseiten<\/p>\n\n\n\n<ul class=\"wp-block-list\">\n<li>Pressemitteilung, September 2023: <a href=\"https:\/\/stiftung-urmensch-mauer.de\/?page_id=694\"><strong>Bund unterst\u00fctzt die Stiftung Urmensch von Mauer mit 1.000.000 Euro<\/strong><\/a><\/li>\n\n\n\n<li>Pressemitteilung, Juni 2023: <strong><a href=\"https:\/\/stiftung-urmensch-mauer.de\/?page_id=661\">Gegenseitigen Unterst\u00fctzung gemeinsamer Aktionen im Sinne der Ziele des Hessischen Landesmuseums und der Stiftung Urmensch von Mauer<\/a><\/strong><\/li>\n\n\n\n<li>Pressemitteilung, Juni 2023: <strong><a href=\"https:\/\/stiftung-urmensch-mauer.de\/?page_id=342\">Kooperationsvereinbarung verbindet Erd- und Menschheitsgeschichte<\/a><\/strong><\/li>\n\n\n\n<li>Amtsblatt Elsenztal &#8211; Mauer, Oktober 2020: <a href=\"https:\/\/stiftung-urmensch-mauer.de\/?page_id=244\"><strong>Bilderausstellung in der Volkbank in Mauer<\/strong><\/a><\/li>\n\n\n\n<li>Amtsblatt Elsenztal &#8211; Mauer, September 2020: <a href=\"https:\/\/stiftung-urmensch-mauer.de\/?page_id=231\"><strong>Sammlung Wilhelm Freudenberg an Stiftung Urmensch von Mauer \u00fcbergeben<\/strong><\/a><\/li>\n\n\n\n<li>Rhein-Neckar-Zeitung, Juli 2020: <a rel=\"noreferrer noopener\" aria-label=\"&quot;Homo heidelbergensis&quot; war Thema beim Klima-Forum (\u00f6ffnet in neuem Tab)\" href=\"https:\/\/www.rnz.de\/nachrichten\/sinsheim_artikel,-klima-arena-sinsheim-homo-heidelbergensis-war-thema-beim-klima-forum-_arid,522030.html\" target=\"_blank\"><strong>&#8222;Homo heidelbergensis&#8220; war Thema beim Klima-Forum<\/strong><\/a> <\/li>\n\n\n\n<li>Pressemitteilung, November 2019: <a href=\"https:\/\/stiftung-urmensch-mauer.de\/?page_id=115\"><strong>KLIMA ARENA kooperiert mit Stiftung Urmensch von Mauer<\/strong><\/a><\/li>\n\n\n\n<li>Rhein-Neckar-Zeitung, November 2019: <a rel=\"noreferrer noopener\" aria-label=\"87 Sch\u00e4del f\u00fcr das k\u00fcnftige Museum (\u00f6ffnet in neuem Tab)\" href=\"https:\/\/www.rnz.de\/nachrichten\/region_artikel,-mauer-87-schaedel-fuer-das-kuenftige-museum-_arid,477150.html\" target=\"_blank\"><strong>87 Sch\u00e4del f\u00fcr das k\u00fcnftige Museum<\/strong><\/a><\/li>\n\n\n\n<li>Sinheim-Lokal, April 2019: <a rel=\"noreferrer noopener\" href=\"http:\/\/www.sinsheim-lokal.de\/ein-urgeschichtliches-museum-erreichen-wir-nur-gemeinsam\/\" target=\"_blank\"><strong>Ein urgeschichtliches Museum erreichen wir nur gemeinsam<\/strong><\/a><\/li>\n\n\n\n<li>Rhein-Neckar-Zeitung, Januar 2019: <strong><a rel=\"noreferrer noopener\" href=\"https:\/\/www.rnz.de\/nachrichten\/region_artikel,-mauer-urgeschichtliches-museum-hat-einen-neuen-anziehungspunkt-_arid,414873.html\" target=\"_blank\">Urgeschichtliches Museum hat einen neuen Anziehungspunkt<\/a><\/strong><\/li>\n<\/ul>\n\n\n\n<p><\/p>\n","protected":false},"excerpt":{"rendered":"<p>Berichte unserer Stiftung und ausgew\u00e4hlte Links zu Presseartikeln oder Internetseiten<\/p>\n","protected":false},"author":1,"featured_media":0,"parent":0,"menu_order":0,"comment_status":"closed","ping_status":"closed","template":"","meta":{"footnotes":""},"class_list":["post-89","page","type-page","status-publish"],"_links":{"self":[{"href":"https:\/\/stiftung-urmensch-mauer.de\/index.php?rest_route=\/wp\/v2\/pages\/89","targetHints":{"allow":["GET"]}}],"collection":[{"href":"https:\/\/stiftung-urmensch-mauer.de\/index.php?rest_route=\/wp\/v2\/pages"}],"about":[{"href":"https:\/\/stiftung-urmensch-mauer.de\/index.php?rest_route=\/wp\/v2\/types\/page"}],"author":[{"embeddable":true,"href":"https:\/\/stiftung-urmensch-mauer.de\/index.php?rest_route=\/wp\/v2\/users\/1"}],"replies":[{"embeddable":true,"href":"https:\/\/stiftung-urmensch-mauer.de\/index.php?rest_route=%2Fwp%2Fv2%2Fcomments&post=89"}],"version-history":[{"count":20,"href":"https:\/\/stiftung-urmensch-mauer.de\/index.php?rest_route=\/wp\/v2\/pages\/89\/revisions"}],"predecessor-version":[{"id":699,"href":"https:\/\/stiftung-urmensch-mauer.de\/index.php?rest_route=\/wp\/v2\/pages\/89\/revisions\/699"}],"wp:attachment":[{"href":"https:\/\/stiftung-urmensch-mauer.de\/index.php?rest_route=%2Fwp%2Fv2%2Fmedia&parent=89"}],"curies":[{"name":"wp","href":"https:\/\/api.w.org\/{rel}","templated":true}]}}