{"id":904,"date":"2025-10-14T15:18:12","date_gmt":"2025-10-14T15:18:12","guid":{"rendered":"https:\/\/stiftung-urmensch-mauer.de\/?page_id=904"},"modified":"2025-10-14T15:18:13","modified_gmt":"2025-10-14T15:18:13","slug":"schoetensack-preis-2025","status":"publish","type":"page","link":"https:\/\/stiftung-urmensch-mauer.de\/?page_id=904","title":{"rendered":"Schoetensack-Preis 2025"},"content":{"rendered":"\n<figure class=\"wp-block-image size-medium\"><img loading=\"lazy\" decoding=\"async\" width=\"300\" height=\"246\" src=\"http:\/\/stiftung-urmensch-mauer.de\/wp-content\/uploads\/2025\/10\/20250705_122647b-300x246.jpg\" alt=\"\" class=\"wp-image-906\" srcset=\"https:\/\/stiftung-urmensch-mauer.de\/wp-content\/uploads\/2025\/10\/20250705_122647b-300x246.jpg 300w, https:\/\/stiftung-urmensch-mauer.de\/wp-content\/uploads\/2025\/10\/20250705_122647b-1024x840.jpg 1024w, https:\/\/stiftung-urmensch-mauer.de\/wp-content\/uploads\/2025\/10\/20250705_122647b-768x630.jpg 768w, https:\/\/stiftung-urmensch-mauer.de\/wp-content\/uploads\/2025\/10\/20250705_122647b-1536x1260.jpg 1536w, https:\/\/stiftung-urmensch-mauer.de\/wp-content\/uploads\/2025\/10\/20250705_122647b-2048x1680.jpg 2048w\" sizes=\"auto, (max-width: 300px) 100vw, 300px\" \/><\/figure>\n\n\n\n<p>Preistr\u00e4gerin Lisa Hoeg vom Max-Born-Gymnasium Neckargem\u00fcnd zusammen mit Cornelia Sussieck <\/p>\n\n\n\n<p>Wir gratulieren allen Preistr\u00e4gern herzlich!<\/p>\n\n\n\n<p><strong>Die Preistr\u00e4ger sind:<\/strong><\/p>\n\n\n\n<ul class=\"wp-block-list\">\n<li>Nelly Michel, <em>Privatgymnasium Schwetzingen<\/em><\/li>\n\n\n\n<li>Lisa Dementiev, <em>H\u00f6lderlin-Gymnasium Heidelberg<\/em><\/li>\n\n\n\n<li>Rebekka Koenig, <em>Elisabeth-von-Thadden-Schule Heidelberg<\/em><\/li>\n\n\n\n<li>Paul Ioannidis, <em>Heidelberg College<\/em><\/li>\n\n\n\n<li>Ljuba Arnold, <em>St. Raphael Gymnasium<\/em> <em>Heidelberg<\/em><\/li>\n\n\n\n<li>Elisa Hoeg, <em>Max-Born-Gymnasium Neckargem\u00fcnd<\/em><\/li>\n\n\n\n<li>Emilia Guagliano, <em>Adolf-Schmitthenner-Gymnasium Neckarbischofsheim<\/em><\/li>\n\n\n\n<li>Emma Lippmann, <em>Hohenstaufen-Gymnasium Eberbach<\/em><\/li>\n\n\n\n<li>Roman Bartsch, <em>Carl-Friedrich-Gau\u00df-Gymnasium<\/em><\/li>\n\n\n\n<li>Marieluisa Rotsch, <em>Kurf\u00fcrst-Friedrich-Gymnasium HD<\/em><\/li>\n\n\n\n<li>Lea Anneke Strobel, <em>Bunsen-Gymnasium Heidelberg<\/em><\/li>\n\n\n\n<li>Henriette J\u00e4ckle, Kurpfalz-Gymnasium-Schriesheim <\/li>\n\n\n\n<li>Laura Stahl, Friedrich-Ebert-Gymnasium Sandhausen<\/li>\n<\/ul>\n\n\n\n<p><strong>Wir bedanken uns herzlich bei unseren Unterst\u00fctzern:<\/strong><\/p>\n\n\n\n<ul class=\"wp-block-list\">\n<li><a rel=\"noreferrer noopener\" href=\"https:\/\/www.museumspass.com\/de\" target=\"_blank\">MUSEUMS-PASS-MUS\u00c9E, Basel<\/a><\/li>\n\n\n\n<li><a href=\"http:\/\/www.homoheidelbergensis.de\/\" target=\"_blank\" rel=\"noreferrer noopener\">Verein <em>Homo heidelbergensis<\/em> von Mauer e.V.<\/a><\/li>\n<\/ul>\n","protected":false},"excerpt":{"rendered":"<p>Preistr\u00e4gerin Lisa Hoeg vom Max-Born-Gymnasium Neckargem\u00fcnd zusammen mit Cornelia Sussieck Wir gratulieren allen Preistr\u00e4gern herzlich! Die Preistr\u00e4ger sind: Wir bedanken uns herzlich bei unseren Unterst\u00fctzern:<\/p>\n","protected":false},"author":1,"featured_media":0,"parent":177,"menu_order":0,"comment_status":"closed","ping_status":"closed","template":"","meta":{"footnotes":""},"class_list":["post-904","page","type-page","status-publish"],"_links":{"self":[{"href":"https:\/\/stiftung-urmensch-mauer.de\/index.php?rest_route=\/wp\/v2\/pages\/904","targetHints":{"allow":["GET"]}}],"collection":[{"href":"https:\/\/stiftung-urmensch-mauer.de\/index.php?rest_route=\/wp\/v2\/pages"}],"about":[{"href":"https:\/\/stiftung-urmensch-mauer.de\/index.php?rest_route=\/wp\/v2\/types\/page"}],"author":[{"embeddable":true,"href":"https:\/\/stiftung-urmensch-mauer.de\/index.php?rest_route=\/wp\/v2\/users\/1"}],"replies":[{"embeddable":true,"href":"https:\/\/stiftung-urmensch-mauer.de\/index.php?rest_route=%2Fwp%2Fv2%2Fcomments&post=904"}],"version-history":[{"count":2,"href":"https:\/\/stiftung-urmensch-mauer.de\/index.php?rest_route=\/wp\/v2\/pages\/904\/revisions"}],"predecessor-version":[{"id":907,"href":"https:\/\/stiftung-urmensch-mauer.de\/index.php?rest_route=\/wp\/v2\/pages\/904\/revisions\/907"}],"up":[{"embeddable":true,"href":"https:\/\/stiftung-urmensch-mauer.de\/index.php?rest_route=\/wp\/v2\/pages\/177"}],"wp:attachment":[{"href":"https:\/\/stiftung-urmensch-mauer.de\/index.php?rest_route=%2Fwp%2Fv2%2Fmedia&parent=904"}],"curies":[{"name":"wp","href":"https:\/\/api.w.org\/{rel}","templated":true}]}}