{"id":920,"date":"2025-12-19T11:37:51","date_gmt":"2025-12-19T11:37:51","guid":{"rendered":"https:\/\/stiftung-urmensch-mauer.de\/?page_id=920"},"modified":"2025-12-19T11:38:47","modified_gmt":"2025-12-19T11:38:47","slug":"symposium-saurierwelten-der-reiss-engelhorn-museen","status":"publish","type":"page","link":"https:\/\/stiftung-urmensch-mauer.de\/?page_id=920","title":{"rendered":"Symposium \u201eSaurierwelten\u201c der Reiss-Engelhorn-Museen"},"content":{"rendered":"\n<p>Die <strong><a href=\"https:\/\/www.facebook.com\/rem.mannheim?__cft__[0]=AZac6iOTarcoAWhh2F_aU3VomJYGMUbqUcDaYgTLAX7T0zxf91I7oP1xwpdC14zwXP6nh77EWX7cUmKL5TZIyJC5FA3fXmRol_0J4wJqTebsCyXeSrwXBbqE5XXVDFAj6n-hoCtXe9cH58-tkkXD1YZCVe7PFA2ogd4Y8aHJBow5ZjhUc7HHKHzEZFRBa6liVl8&amp;__tn__=-]K-R\" target=\"_blank\" rel=\"noreferrer noopener\">Reiss-Engelhorn-Museen<\/a><\/strong> haben am 1. November Dino- und Saurier-Fans zum gut besuchten Symposium \u201eSaurierwelten\u201c eingeladen, und wir geh\u00f6rten zu den Kooperationspartnern. Kurzweilig und ein breites Publikum ansprechend haben Experten der Pal\u00e4ontologie spannende Einblicke in die Saurier-Forschung gegeben.<\/p>\n\n\n\n<p>So hat Dr. Sebastian Voigt vom <a href=\"https:\/\/www.facebook.com\/urweltmuseumGEOSKOP?__cft__[0]=AZac6iOTarcoAWhh2F_aU3VomJYGMUbqUcDaYgTLAX7T0zxf91I7oP1xwpdC14zwXP6nh77EWX7cUmKL5TZIyJC5FA3fXmRol_0J4wJqTebsCyXeSrwXBbqE5XXVDFAj6n-hoCtXe9cH58-tkkXD1YZCVe7PFA2ogd4Y8aHJBow5ZjhUc7HHKHzEZFRBa6liVl8&amp;__tn__=-]K-R\" target=\"_blank\" rel=\"noreferrer noopener\"><strong>Urweltmuseum Geoskop<\/strong><\/a> Deutschlands \u00e4lteste Saurier vorgestellt, die aus einer der bedeutendsten Ursaurier-Fundstellen der Welt stammen, dem Remigiusberg bei Kusel (Rheinland-Pfalz). Vor rund 300 Millionen Jahren haben hier Ursaurier in einer tropischen Fluss- und Seelandschaft gelebt. Zu den Funden geh\u00f6ren der Ursaurier Trypanognathus remigiusbergensis und die R\u00fcckensegelechse Remigiomontanus robustus.<\/p>\n\n\n\n<p>Wie haben Flugsaurier gelebt und was konnten sie, was V\u00f6gel und Flederm\u00e4use heute nicht k\u00f6nnen? In ihrem unterhaltsamen Vortrag hat Dr. Kristina Eck, Vorsitzende von <a href=\"https:\/\/www.facebook.com\/Urmensch.von.Mauer?__cft__[0]=AZac6iOTarcoAWhh2F_aU3VomJYGMUbqUcDaYgTLAX7T0zxf91I7oP1xwpdC14zwXP6nh77EWX7cUmKL5TZIyJC5FA3fXmRol_0J4wJqTebsCyXeSrwXBbqE5XXVDFAj6n-hoCtXe9cH58-tkkXD1YZCVe7PFA2ogd4Y8aHJBow5ZjhUc7HHKHzEZFRBa6liVl8&amp;__tn__=-]K-R\" target=\"_blank\" rel=\"noreferrer noopener\"><strong>Homo heidelbergensis von Mauer e.V.<\/strong><\/a>, die Flugsaurier f\u00fcr die Zuh\u00f6rer quasi wieder zum Leben erweckt. \u00c4u\u00dferst erfolgreich haben sie 170 Millionen Jahre den Himmel \u00fcber den Dinosauriern beherrscht. Beantwortet wurde auch die Frage, woher wir heute eigentlich all das \u00fcber Flugsaurier (und Dinosaurier) wissen, was wir wissen, und wie hier manchmal auch Gl\u00fcck und Zufall eine Rolle in der Forschung spielen.<\/p>\n\n\n\n<p>In einer abschlie\u00dfenden Diskussionsrunde haben sich die Referenten unter Moderation von Generaldirektor Prof. Dr. Wilfried Rosendahl dar\u00fcber ausgetauscht, wie die Saurier in Filmen dargestellt werden und wie sich das Bild mit der Zeit gewandelt hat. Wie passen die Fantasie der Filmschaffenden und die Ergebnisse der Forschung zusammen? Auch das Publikum hat sich an der lebendigen Diskussion beteiligt.<\/p>\n\n\n\n<p>\u00dcbrigens: Die absolut sehenswerte Ausstellung \u201eSaurier \u2013 Faszination Urzeit\u201c l\u00e4uft noch bis zum 2. August 2026. Weitere Informationen: <a href=\"https:\/\/www.rem-mannheim.de\/ausstellungen\/sonderausstellungen\/saurier-faszination-urzeit?fbclid=IwZXh0bgNhZW0CMTAAc3J0YwZhcHBfaWQQMjIyMDM5MTc4ODIwMDg5MgABHlicLZljTLIFzkj6q0DEldzd_Kl_boqjT_yCVKUyDST9k7zSzr4vb9lTo07Q_aem_LxJTjH4eaMbM3s_1CM-RFw\" target=\"_blank\" rel=\"noreferrer noopener\"><strong>https:\/\/www.rem-mannheim.de\/&#8230;\/saurier-faszination-urzeit<\/strong><\/a>.<\/p>\n\n\n\n<figure class=\"wp-block-gallery has-nested-images columns-default is-cropped wp-block-gallery-1 is-layout-flex wp-block-gallery-is-layout-flex\">\n<figure class=\"wp-block-image size-large\"><img loading=\"lazy\" decoding=\"async\" width=\"1024\" height=\"683\" data-id=\"923\" src=\"http:\/\/stiftung-urmensch-mauer.de\/wp-content\/uploads\/2025\/12\/DSC02999.JPG_b-1024x683.jpg\" alt=\"\" class=\"wp-image-923\" srcset=\"https:\/\/stiftung-urmensch-mauer.de\/wp-content\/uploads\/2025\/12\/DSC02999.JPG_b-1024x683.jpg 1024w, https:\/\/stiftung-urmensch-mauer.de\/wp-content\/uploads\/2025\/12\/DSC02999.JPG_b-300x200.jpg 300w, https:\/\/stiftung-urmensch-mauer.de\/wp-content\/uploads\/2025\/12\/DSC02999.JPG_b-768x512.jpg 768w, https:\/\/stiftung-urmensch-mauer.de\/wp-content\/uploads\/2025\/12\/DSC02999.JPG_b-1536x1024.jpg 1536w, https:\/\/stiftung-urmensch-mauer.de\/wp-content\/uploads\/2025\/12\/DSC02999.JPG_b.jpg 1752w\" sizes=\"auto, (max-width: 1024px) 100vw, 1024px\" \/><\/figure>\n\n\n\n<figure class=\"wp-block-image size-large\"><img loading=\"lazy\" decoding=\"async\" width=\"1024\" height=\"683\" data-id=\"924\" src=\"https:\/\/stiftung-urmensch-mauer.de\/wp-content\/uploads\/2025\/12\/DSC03091.JPG_b-1024x683.jpg\" alt=\"\" class=\"wp-image-924\" srcset=\"https:\/\/stiftung-urmensch-mauer.de\/wp-content\/uploads\/2025\/12\/DSC03091.JPG_b-1024x683.jpg 1024w, https:\/\/stiftung-urmensch-mauer.de\/wp-content\/uploads\/2025\/12\/DSC03091.JPG_b-300x200.jpg 300w, https:\/\/stiftung-urmensch-mauer.de\/wp-content\/uploads\/2025\/12\/DSC03091.JPG_b-768x512.jpg 768w, https:\/\/stiftung-urmensch-mauer.de\/wp-content\/uploads\/2025\/12\/DSC03091.JPG_b-1536x1024.jpg 1536w, https:\/\/stiftung-urmensch-mauer.de\/wp-content\/uploads\/2025\/12\/DSC03091.JPG_b.jpg 1752w\" sizes=\"auto, (max-width: 1024px) 100vw, 1024px\" \/><\/figure>\n\n\n\n<figure class=\"wp-block-image size-large\"><img loading=\"lazy\" decoding=\"async\" width=\"1024\" height=\"683\" data-id=\"925\" src=\"https:\/\/stiftung-urmensch-mauer.de\/wp-content\/uploads\/2025\/12\/DSC03204.JPG_b-1024x683.jpg\" alt=\"\" class=\"wp-image-925\" srcset=\"https:\/\/stiftung-urmensch-mauer.de\/wp-content\/uploads\/2025\/12\/DSC03204.JPG_b-1024x683.jpg 1024w, https:\/\/stiftung-urmensch-mauer.de\/wp-content\/uploads\/2025\/12\/DSC03204.JPG_b-300x200.jpg 300w, https:\/\/stiftung-urmensch-mauer.de\/wp-content\/uploads\/2025\/12\/DSC03204.JPG_b-768x512.jpg 768w, https:\/\/stiftung-urmensch-mauer.de\/wp-content\/uploads\/2025\/12\/DSC03204.JPG_b-1536x1024.jpg 1536w, https:\/\/stiftung-urmensch-mauer.de\/wp-content\/uploads\/2025\/12\/DSC03204.JPG_b.jpg 1752w\" sizes=\"auto, (max-width: 1024px) 100vw, 1024px\" \/><\/figure>\n\n\n\n<figure class=\"wp-block-image size-large\"><img loading=\"lazy\" decoding=\"async\" width=\"1024\" height=\"683\" data-id=\"922\" src=\"https:\/\/stiftung-urmensch-mauer.de\/wp-content\/uploads\/2025\/12\/DSC03189.JPG_b-1024x683.jpg\" alt=\"\" class=\"wp-image-922\" srcset=\"https:\/\/stiftung-urmensch-mauer.de\/wp-content\/uploads\/2025\/12\/DSC03189.JPG_b-1024x683.jpg 1024w, https:\/\/stiftung-urmensch-mauer.de\/wp-content\/uploads\/2025\/12\/DSC03189.JPG_b-300x200.jpg 300w, https:\/\/stiftung-urmensch-mauer.de\/wp-content\/uploads\/2025\/12\/DSC03189.JPG_b-768x512.jpg 768w, https:\/\/stiftung-urmensch-mauer.de\/wp-content\/uploads\/2025\/12\/DSC03189.JPG_b-1536x1024.jpg 1536w, https:\/\/stiftung-urmensch-mauer.de\/wp-content\/uploads\/2025\/12\/DSC03189.JPG_b.jpg 1752w\" sizes=\"auto, (max-width: 1024px) 100vw, 1024px\" \/><\/figure>\n\n\n\n<figure class=\"wp-block-image size-large\"><img loading=\"lazy\" decoding=\"async\" width=\"1024\" height=\"683\" data-id=\"926\" src=\"https:\/\/stiftung-urmensch-mauer.de\/wp-content\/uploads\/2025\/12\/DSC03216.JPG_b-1024x683.jpg\" alt=\"\" class=\"wp-image-926\" srcset=\"https:\/\/stiftung-urmensch-mauer.de\/wp-content\/uploads\/2025\/12\/DSC03216.JPG_b-1024x683.jpg 1024w, https:\/\/stiftung-urmensch-mauer.de\/wp-content\/uploads\/2025\/12\/DSC03216.JPG_b-300x200.jpg 300w, https:\/\/stiftung-urmensch-mauer.de\/wp-content\/uploads\/2025\/12\/DSC03216.JPG_b-768x512.jpg 768w, https:\/\/stiftung-urmensch-mauer.de\/wp-content\/uploads\/2025\/12\/DSC03216.JPG_b-1536x1024.jpg 1536w, https:\/\/stiftung-urmensch-mauer.de\/wp-content\/uploads\/2025\/12\/DSC03216.JPG_b.jpg 1752w\" sizes=\"auto, (max-width: 1024px) 100vw, 1024px\" \/><\/figure>\n\n\n\n<figure class=\"wp-block-image size-large\"><img loading=\"lazy\" decoding=\"async\" width=\"1024\" height=\"407\" data-id=\"927\" src=\"https:\/\/stiftung-urmensch-mauer.de\/wp-content\/uploads\/2025\/12\/DSC03246_DSC03251-6.jpg_b-1024x407.jpg\" alt=\"\" class=\"wp-image-927\" srcset=\"https:\/\/stiftung-urmensch-mauer.de\/wp-content\/uploads\/2025\/12\/DSC03246_DSC03251-6.jpg_b-1024x407.jpg 1024w, https:\/\/stiftung-urmensch-mauer.de\/wp-content\/uploads\/2025\/12\/DSC03246_DSC03251-6.jpg_b-300x119.jpg 300w, https:\/\/stiftung-urmensch-mauer.de\/wp-content\/uploads\/2025\/12\/DSC03246_DSC03251-6.jpg_b-768x305.jpg 768w, https:\/\/stiftung-urmensch-mauer.de\/wp-content\/uploads\/2025\/12\/DSC03246_DSC03251-6.jpg_b-1536x611.jpg 1536w, https:\/\/stiftung-urmensch-mauer.de\/wp-content\/uploads\/2025\/12\/DSC03246_DSC03251-6.jpg_b-2048x814.jpg 2048w\" sizes=\"auto, (max-width: 1024px) 100vw, 1024px\" \/><\/figure>\n<\/figure>\n\n\n\n<div class=\"wp-block-columns is-layout-flex wp-container-core-columns-is-layout-9d6595d7 wp-block-columns-is-layout-flex\">\n<div class=\"wp-block-column is-layout-flow wp-block-column-is-layout-flow\" style=\"flex-basis:100%\"><\/div>\n<\/div>\n\n\n\n<p><\/p>\n","protected":false},"excerpt":{"rendered":"<p>Die Reiss-Engelhorn-Museen haben am 1. November Dino- und Saurier-Fans zum gut besuchten Symposium \u201eSaurierwelten\u201c eingeladen, und wir geh\u00f6rten zu den Kooperationspartnern. Kurzweilig und ein breites Publikum ansprechend haben Experten der Pal\u00e4ontologie spannende Einblicke in die Saurier-Forschung gegeben. So hat Dr. Sebastian Voigt vom Urweltmuseum Geoskop Deutschlands \u00e4lteste Saurier vorgestellt, die aus einer der bedeutendsten Ursaurier-Fundstellen &#8230; <a title=\"Symposium \u201eSaurierwelten\u201c der Reiss-Engelhorn-Museen\" class=\"read-more\" href=\"https:\/\/stiftung-urmensch-mauer.de\/?page_id=920\" aria-label=\"Mehr Informationen \u00fcber Symposium \u201eSaurierwelten\u201c der Reiss-Engelhorn-Museen\">Weiterlesen &#8230;<\/a><\/p>\n","protected":false},"author":1,"featured_media":0,"parent":0,"menu_order":0,"comment_status":"closed","ping_status":"closed","template":"","meta":{"footnotes":""},"class_list":["post-920","page","type-page","status-publish"],"_links":{"self":[{"href":"https:\/\/stiftung-urmensch-mauer.de\/index.php?rest_route=\/wp\/v2\/pages\/920","targetHints":{"allow":["GET"]}}],"collection":[{"href":"https:\/\/stiftung-urmensch-mauer.de\/index.php?rest_route=\/wp\/v2\/pages"}],"about":[{"href":"https:\/\/stiftung-urmensch-mauer.de\/index.php?rest_route=\/wp\/v2\/types\/page"}],"author":[{"embeddable":true,"href":"https:\/\/stiftung-urmensch-mauer.de\/index.php?rest_route=\/wp\/v2\/users\/1"}],"replies":[{"embeddable":true,"href":"https:\/\/stiftung-urmensch-mauer.de\/index.php?rest_route=%2Fwp%2Fv2%2Fcomments&post=920"}],"version-history":[{"count":2,"href":"https:\/\/stiftung-urmensch-mauer.de\/index.php?rest_route=\/wp\/v2\/pages\/920\/revisions"}],"predecessor-version":[{"id":928,"href":"https:\/\/stiftung-urmensch-mauer.de\/index.php?rest_route=\/wp\/v2\/pages\/920\/revisions\/928"}],"wp:attachment":[{"href":"https:\/\/stiftung-urmensch-mauer.de\/index.php?rest_route=%2Fwp%2Fv2%2Fmedia&parent=920"}],"curies":[{"name":"wp","href":"https:\/\/api.w.org\/{rel}","templated":true}]}}